{"id":778,"date":"2025-03-04T07:18:59","date_gmt":"2025-03-04T07:18:59","guid":{"rendered":"https:\/\/gastrokompass.ch\/?page_id=778"},"modified":"2025-05-03T12:19:35","modified_gmt":"2025-05-03T12:19:35","slug":"treuhand-fuer-die-gastronomie-finanzen-im-griff","status":"publish","type":"page","link":"https:\/\/gastrokompass.ch\/index.php\/treuhand-fuer-die-gastronomie-finanzen-im-griff\/","title":{"rendered":"Treuhand"},"content":{"rendered":"\t\t<div data-elementor-type=\"wp-page\" data-elementor-id=\"778\" class=\"elementor elementor-778\" data-elementor-post-type=\"page\">\n\t\t\t\t<div class=\"elementor-element elementor-element-e61ef20 e-flex e-con-boxed e-con e-parent\" data-id=\"e61ef20\" data-element_type=\"container\">\n\t\t\t\t\t<div class=\"e-con-inner\">\n\t\t<div class=\"elementor-element elementor-element-b668008 e-con-full e-flex e-con e-child\" data-id=\"b668008\" data-element_type=\"container\">\n\t\t\t\t<div class=\"elementor-element elementor-element-1f11b92 elementor-widget elementor-widget-image\" data-id=\"1f11b92\" data-element_type=\"widget\" data-widget_type=\"image.default\">\n\t\t\t\t<div class=\"elementor-widget-container\">\n\t\t\t\t\t\t\t\t\t\t\t\t\t\t\t<img fetchpriority=\"high\" decoding=\"async\" width=\"800\" height=\"800\" src=\"https:\/\/gastrokompass.ch\/wp-content\/uploads\/2025\/05\/Treuhand-min-1024x1024.webp\" class=\"attachment-large size-large wp-image-1081 not-transparent\" alt=\"\u00c4lterer Mann im Anzug sitzt an einem Tisch in einem Restaurant und pr\u00fcft konzentriert Finanzunterlagen mit einem Taschenrechner. Treuhand f\u00fcr Gastronomie: Finanzen im Griff\" srcset=\"https:\/\/gastrokompass.ch\/wp-content\/uploads\/2025\/05\/Treuhand-min-1024x1024.webp 1024w, https:\/\/gastrokompass.ch\/wp-content\/uploads\/2025\/05\/Treuhand-min-300x300.webp 300w, https:\/\/gastrokompass.ch\/wp-content\/uploads\/2025\/05\/Treuhand-min-150x150.webp 150w, https:\/\/gastrokompass.ch\/wp-content\/uploads\/2025\/05\/Treuhand-min-768x768.webp 768w, https:\/\/gastrokompass.ch\/wp-content\/uploads\/2025\/05\/Treuhand-min-1536x1536.webp 1536w, https:\/\/gastrokompass.ch\/wp-content\/uploads\/2025\/05\/Treuhand-min.webp 2048w\" sizes=\"(max-width: 800px) 100vw, 800px\" data-has-transparency=\"false\" data-dominant-color=\"4b4434\" style=\"--dominant-color: #4b4434\" \/>\t\t\t\t\t\t\t\t\t\t\t\t\t\t\t<\/div>\n\t\t\t\t<\/div>\n\t\t\t\t<\/div>\n\t\t<div class=\"elementor-element elementor-element-1b9a269 e-con-full e-flex e-con e-child\" data-id=\"1b9a269\" data-element_type=\"container\">\n\t\t\t\t<div class=\"elementor-element elementor-element-fddae73 elementor-widget elementor-widget-heading\" data-id=\"fddae73\" data-element_type=\"widget\" data-widget_type=\"heading.default\">\n\t\t\t\t<div class=\"elementor-widget-container\">\n\t\t\t\t\t<h1 class=\"elementor-heading-title elementor-size-default\">Finanzen im Griff<\/h1>\t\t\t\t<\/div>\n\t\t\t\t<\/div>\n\t\t\t\t<div class=\"elementor-element elementor-element-a055fb4 elementor-widget elementor-widget-text-editor\" data-id=\"a055fb4\" data-element_type=\"widget\" data-widget_type=\"text-editor.default\">\n\t\t\t\t<div class=\"elementor-widget-container\">\n\t\t\t\t\t\t\t\t\t<p data-start=\"162\" data-end=\"499\">Ein solides Finanzmanagement ist das R\u00fcckgrat jedes erfolgreichen Gastronomiebetriebs. Mit unserem Treuhand-Service unterst\u00fctzen wir Sie dabei, Ihre Zahlen jederzeit im Blick zu behalten \u2013 von der Buchhaltung \u00fcber die Steuererkl\u00e4rung bis zur Mehrwertsteuerabrechnung. Wir sorgen daf\u00fcr, dass Sie mehr Zeit f\u00fcr das Wesentliche haben: Ihre G\u00e4ste.<\/p>\t\t\t\t\t\t\t\t<\/div>\n\t\t\t\t<\/div>\n\t\t\t\t<div class=\"elementor-element elementor-element-4ec5ece elementor-widget elementor-widget-heading\" data-id=\"4ec5ece\" data-element_type=\"widget\" data-widget_type=\"heading.default\">\n\t\t\t\t<div class=\"elementor-widget-container\">\n\t\t\t\t\t<h2 class=\"elementor-heading-title elementor-size-default\">Unsere Leistungen<\/h2>\t\t\t\t<\/div>\n\t\t\t\t<\/div>\n\t\t\t\t<div class=\"elementor-element elementor-element-a952348 elementor-widget elementor-widget-text-editor\" data-id=\"a952348\" data-element_type=\"widget\" data-widget_type=\"text-editor.default\">\n\t\t\t\t<div class=\"elementor-widget-container\">\n\t\t\t\t\t\t\t\t\t<p><b>Buchhaltung &amp; Jahresabschluss<br \/><\/b><span style=\"font-weight: 400;\">Pr\u00e4zise Buchf\u00fchrung, strukturierte Auswertungen und ein korrekter Jahresabschluss \u2013 alles aus einer Hand.<\/span><\/p>\t\t\t\t\t\t\t\t<\/div>\n\t\t\t\t<\/div>\n\t\t\t\t<div class=\"elementor-element elementor-element-099787b elementor-widget elementor-widget-text-editor\" data-id=\"099787b\" data-element_type=\"widget\" data-widget_type=\"text-editor.default\">\n\t\t\t\t<div class=\"elementor-widget-container\">\n\t\t\t\t\t\t\t\t\t<p><b>Neugr\u00fcndungen<br \/><\/b>Ein erfolgreicher Start beginnt mit einer soliden Grundlage. Wir begleiten Sie von der ersten Idee bis zur Er\u00f6ffnung Ihres Gastronomiebetriebs \u2013 mit umfassender Beratung, realistischen Finanzpl\u00e4nen und branchenspezifischem Know-how. Ob GmbH-Gr\u00fcndung, Businessplan, Standortanalyse oder Mehrwertsteuerregistrierung: <span style=\"color: #c2a671;\"><strong>gastrokompass<\/strong> <\/span>denkt mit, plant voraus und sorgt daf\u00fcr, dass Sie sich auf das Wesentliche konzentrieren k\u00f6nnen \u2013 Ihre Vision.<\/p>\t\t\t\t\t\t\t\t<\/div>\n\t\t\t\t<\/div>\n\t\t\t\t<div class=\"elementor-element elementor-element-eeebb6a elementor-widget elementor-widget-text-editor\" data-id=\"eeebb6a\" data-element_type=\"widget\" data-widget_type=\"text-editor.default\">\n\t\t\t\t<div class=\"elementor-widget-container\">\n\t\t\t\t\t\t\t\t\t<p><b>Steuerberatung &amp; Steuererkl\u00e4rungen<\/b><b><br \/><\/b><span style=\"font-weight: 400;\">Wir k\u00fcmmern uns um alle steuerlichen Belange und finden L\u00f6sungen, die zu Ihrem Gastronomiebetrieb passen.<\/span><\/p>\t\t\t\t\t\t\t\t<\/div>\n\t\t\t\t<\/div>\n\t\t\t\t<div class=\"elementor-element elementor-element-98be96f elementor-widget elementor-widget-text-editor\" data-id=\"98be96f\" data-element_type=\"widget\" data-widget_type=\"text-editor.default\">\n\t\t\t\t<div class=\"elementor-widget-container\">\n\t\t\t\t\t\t\t\t\t<p><b>Mehrwertsteuer-Abrechnungen<\/b><b><br \/><\/b><span style=\"font-weight: 400;\">Wir sorgen f\u00fcr eine fristgerechte und korrekte MWST-Abwicklung, damit Sie keine b\u00f6sen \u00dcberraschungen erleben.<\/span><\/p>\t\t\t\t\t\t\t\t<\/div>\n\t\t\t\t<\/div>\n\t\t\t\t<div class=\"elementor-element elementor-element-7e4a825 elementor-widget elementor-widget-text-editor\" data-id=\"7e4a825\" data-element_type=\"widget\" data-widget_type=\"text-editor.default\">\n\t\t\t\t<div class=\"elementor-widget-container\">\n\t\t\t\t\t\t\t\t\t<p><span style=\"font-family: var( --e-global-typography-text-font-family ), Sans-serif; font-size: var( --e-global-typography-text-font-size ); font-style: var( --e-global-typography-text-font-style ); letter-spacing: var( --e-global-typography-text-letter-spacing ); text-transform: var( --e-global-typography-text-text-transform ); word-spacing: var( --e-global-typography-text-word-spacing ); text-align: var(--text-align);\"><strong>Budgetierung &amp; Controlling<\/strong><b><br \/><\/b><\/span>Gemeinsam erstellen wir realistische Budgets und analysieren Ihre Kennzahlen, um die Profitabilit\u00e4t zu steigern.<\/p>\t\t\t\t\t\t\t\t<\/div>\n\t\t\t\t<\/div>\n\t\t\t\t<\/div>\n\t\t\t\t\t<\/div>\n\t\t\t\t<\/div>\n\t\t\t\t<\/div>\n\t\t","protected":false},"excerpt":{"rendered":"<p>Finanzen im Griff Ein solides Finanzmanagement ist das R\u00fcckgrat jedes erfolgreichen Gastronomiebetriebs. Mit unserem Treuhand-Service unterst\u00fctzen wir Sie dabei, Ihre Zahlen jederzeit im Blick zu behalten \u2013 von der Buchhaltung \u00fcber die Steuererkl\u00e4rung bis zur Mehrwertsteuerabrechnung. Wir sorgen daf\u00fcr, dass Sie mehr Zeit f\u00fcr das Wesentliche haben: Ihre G\u00e4ste. Unsere Leistungen Buchhaltung &amp; JahresabschlussPr\u00e4zise Buchf\u00fchrung, [&hellip;]<\/p>\n","protected":false},"author":1,"featured_media":0,"parent":0,"menu_order":0,"comment_status":"closed","ping_status":"closed","template":"","meta":{"footnotes":""},"class_list":["post-778","page","type-page","status-publish","hentry"],"yoast_head":"<!-- This site is optimized with the Yoast SEO plugin v25.0 - https:\/\/yoast.com\/wordpress\/plugins\/seo\/ -->\n<title>Treuhand f\u00fcr Gastronomie: Finanzen im Griff | gastrokompass<\/title>\n<meta name=\"description\" content=\"Treuhand-Service f\u00fcr Restaurants: Buchhaltung, Steuern, Mehrwertsteuern \u2013 sparen Sie Zeit und konzentrieren Sie sich auf Ihre G\u00e4ste.\" \/>\n<meta name=\"robots\" content=\"index, follow, max-snippet:-1, max-image-preview:large, max-video-preview:-1\" \/>\n<link rel=\"canonical\" href=\"https:\/\/gastrokompass.ch\/index.php\/treuhand-fuer-die-gastronomie-finanzen-im-griff\/\" \/>\n<meta property=\"og:locale\" content=\"de_DE\" \/>\n<meta property=\"og:type\" content=\"article\" \/>\n<meta property=\"og:title\" content=\"Treuhand f\u00fcr Gastronomie: Finanzen im Griff | gastrokompass\" \/>\n<meta property=\"og:description\" content=\"Treuhand-Service f\u00fcr Restaurants: Buchhaltung, Steuern, Mehrwertsteuern \u2013 sparen Sie Zeit und konzentrieren Sie sich auf Ihre G\u00e4ste.\" \/>\n<meta property=\"og:url\" content=\"https:\/\/gastrokompass.ch\/index.php\/treuhand-fuer-die-gastronomie-finanzen-im-griff\/\" \/>\n<meta property=\"og:site_name\" content=\"Gastrokompass\" \/>\n<meta property=\"article:publisher\" content=\"https:\/\/www.facebook.com\/profile.php?id=61573546676815\" \/>\n<meta property=\"article:modified_time\" content=\"2025-05-03T12:19:35+00:00\" \/>\n<meta property=\"og:image\" content=\"https:\/\/gastrokompass.ch\/wp-content\/uploads\/2025\/05\/Treuhand-min.webp\" \/>\n\t<meta property=\"og:image:width\" content=\"2048\" \/>\n\t<meta property=\"og:image:height\" content=\"2048\" \/>\n\t<meta property=\"og:image:type\" content=\"image\/jpeg\" \/>\n<meta name=\"twitter:card\" content=\"summary_large_image\" \/>\n<meta name=\"twitter:label1\" content=\"Gesch\u00e4tzte Lesezeit\" \/>\n\t<meta name=\"twitter:data1\" content=\"2\u00a0Minuten\" \/>\n<script type=\"application\/ld+json\" class=\"yoast-schema-graph\">{\"@context\":\"https:\/\/schema.org\",\"@graph\":[{\"@type\":\"WebPage\",\"@id\":\"https:\/\/gastrokompass.ch\/index.php\/treuhand-fuer-die-gastronomie-finanzen-im-griff\/\",\"url\":\"https:\/\/gastrokompass.ch\/index.php\/treuhand-fuer-die-gastronomie-finanzen-im-griff\/\",\"name\":\"Treuhand f\u00fcr Gastronomie: Finanzen im Griff | gastrokompass\",\"isPartOf\":{\"@id\":\"https:\/\/gastrokompass.ch\/#website\"},\"primaryImageOfPage\":{\"@id\":\"https:\/\/gastrokompass.ch\/index.php\/treuhand-fuer-die-gastronomie-finanzen-im-griff\/#primaryimage\"},\"image\":{\"@id\":\"https:\/\/gastrokompass.ch\/index.php\/treuhand-fuer-die-gastronomie-finanzen-im-griff\/#primaryimage\"},\"thumbnailUrl\":\"https:\/\/gastrokompass.ch\/wp-content\/uploads\/2025\/05\/Treuhand-min-1024x1024.webp\",\"datePublished\":\"2025-03-04T07:18:59+00:00\",\"dateModified\":\"2025-05-03T12:19:35+00:00\",\"description\":\"Treuhand-Service f\u00fcr Restaurants: Buchhaltung, Steuern, Mehrwertsteuern \u2013 sparen Sie Zeit und konzentrieren Sie sich auf Ihre G\u00e4ste.\",\"breadcrumb\":{\"@id\":\"https:\/\/gastrokompass.ch\/index.php\/treuhand-fuer-die-gastronomie-finanzen-im-griff\/#breadcrumb\"},\"inLanguage\":\"de\",\"potentialAction\":[{\"@type\":\"ReadAction\",\"target\":[\"https:\/\/gastrokompass.ch\/index.php\/treuhand-fuer-die-gastronomie-finanzen-im-griff\/\"]}]},{\"@type\":\"ImageObject\",\"inLanguage\":\"de\",\"@id\":\"https:\/\/gastrokompass.ch\/index.php\/treuhand-fuer-die-gastronomie-finanzen-im-griff\/#primaryimage\",\"url\":\"https:\/\/gastrokompass.ch\/wp-content\/uploads\/2025\/05\/Treuhand-min.webp\",\"contentUrl\":\"https:\/\/gastrokompass.ch\/wp-content\/uploads\/2025\/05\/Treuhand-min.webp\",\"width\":2048,\"height\":2048,\"caption\":\"Zahlen im Griff \u2013 mit klarer Struktur und branchenspezifischem Know-how.\"},{\"@type\":\"BreadcrumbList\",\"@id\":\"https:\/\/gastrokompass.ch\/index.php\/treuhand-fuer-die-gastronomie-finanzen-im-griff\/#breadcrumb\",\"itemListElement\":[{\"@type\":\"ListItem\",\"position\":1,\"name\":\"Startseite\",\"item\":\"https:\/\/gastrokompass.ch\/\"},{\"@type\":\"ListItem\",\"position\":2,\"name\":\"Treuhand\"}]},{\"@type\":\"WebSite\",\"@id\":\"https:\/\/gastrokompass.ch\/#website\",\"url\":\"https:\/\/gastrokompass.ch\/\",\"name\":\"gastrokompass\",\"description\":\"Dein Partner auf dem Weg zur erfolgreichen Gastronomie\",\"publisher\":{\"@id\":\"https:\/\/gastrokompass.ch\/#organization\"},\"potentialAction\":[{\"@type\":\"SearchAction\",\"target\":{\"@type\":\"EntryPoint\",\"urlTemplate\":\"https:\/\/gastrokompass.ch\/?s={search_term_string}\"},\"query-input\":{\"@type\":\"PropertyValueSpecification\",\"valueRequired\":true,\"valueName\":\"search_term_string\"}}],\"inLanguage\":\"de\"},{\"@type\":\"Organization\",\"@id\":\"https:\/\/gastrokompass.ch\/#organization\",\"name\":\"gastrokompass\",\"url\":\"https:\/\/gastrokompass.ch\/\",\"logo\":{\"@type\":\"ImageObject\",\"inLanguage\":\"de\",\"@id\":\"https:\/\/gastrokompass.ch\/#\/schema\/logo\/image\/\",\"url\":\"https:\/\/gastrokompass.ch\/wp-content\/uploads\/2025\/02\/Logo-white_homepage.webp\",\"contentUrl\":\"https:\/\/gastrokompass.ch\/wp-content\/uploads\/2025\/02\/Logo-white_homepage.webp\",\"width\":300,\"height\":100,\"caption\":\"gastrokompass\"},\"image\":{\"@id\":\"https:\/\/gastrokompass.ch\/#\/schema\/logo\/image\/\"},\"sameAs\":[\"https:\/\/www.facebook.com\/profile.php?id=61573546676815\"]}]}<\/script>\n<!-- \/ Yoast SEO plugin. -->","yoast_head_json":{"title":"Treuhand f\u00fcr Gastronomie: Finanzen im Griff | gastrokompass","description":"Treuhand-Service f\u00fcr Restaurants: Buchhaltung, Steuern, Mehrwertsteuern \u2013 sparen Sie Zeit und konzentrieren Sie sich auf Ihre G\u00e4ste.","robots":{"index":"index","follow":"follow","max-snippet":"max-snippet:-1","max-image-preview":"max-image-preview:large","max-video-preview":"max-video-preview:-1"},"canonical":"https:\/\/gastrokompass.ch\/index.php\/treuhand-fuer-die-gastronomie-finanzen-im-griff\/","og_locale":"de_DE","og_type":"article","og_title":"Treuhand f\u00fcr Gastronomie: Finanzen im Griff | gastrokompass","og_description":"Treuhand-Service f\u00fcr Restaurants: Buchhaltung, Steuern, Mehrwertsteuern \u2013 sparen Sie Zeit und konzentrieren Sie sich auf Ihre G\u00e4ste.","og_url":"https:\/\/gastrokompass.ch\/index.php\/treuhand-fuer-die-gastronomie-finanzen-im-griff\/","og_site_name":"Gastrokompass","article_publisher":"https:\/\/www.facebook.com\/profile.php?id=61573546676815","article_modified_time":"2025-05-03T12:19:35+00:00","og_image":[{"width":2048,"height":2048,"url":"https:\/\/gastrokompass.ch\/wp-content\/uploads\/2025\/05\/Treuhand-min.webp","type":"image\/jpeg"}],"twitter_card":"summary_large_image","twitter_misc":{"Gesch\u00e4tzte Lesezeit":"2\u00a0Minuten"},"schema":{"@context":"https:\/\/schema.org","@graph":[{"@type":"WebPage","@id":"https:\/\/gastrokompass.ch\/index.php\/treuhand-fuer-die-gastronomie-finanzen-im-griff\/","url":"https:\/\/gastrokompass.ch\/index.php\/treuhand-fuer-die-gastronomie-finanzen-im-griff\/","name":"Treuhand f\u00fcr Gastronomie: Finanzen im Griff | gastrokompass","isPartOf":{"@id":"https:\/\/gastrokompass.ch\/#website"},"primaryImageOfPage":{"@id":"https:\/\/gastrokompass.ch\/index.php\/treuhand-fuer-die-gastronomie-finanzen-im-griff\/#primaryimage"},"image":{"@id":"https:\/\/gastrokompass.ch\/index.php\/treuhand-fuer-die-gastronomie-finanzen-im-griff\/#primaryimage"},"thumbnailUrl":"https:\/\/gastrokompass.ch\/wp-content\/uploads\/2025\/05\/Treuhand-min-1024x1024.webp","datePublished":"2025-03-04T07:18:59+00:00","dateModified":"2025-05-03T12:19:35+00:00","description":"Treuhand-Service f\u00fcr Restaurants: Buchhaltung, Steuern, Mehrwertsteuern \u2013 sparen Sie Zeit und konzentrieren Sie sich auf Ihre G\u00e4ste.","breadcrumb":{"@id":"https:\/\/gastrokompass.ch\/index.php\/treuhand-fuer-die-gastronomie-finanzen-im-griff\/#breadcrumb"},"inLanguage":"de","potentialAction":[{"@type":"ReadAction","target":["https:\/\/gastrokompass.ch\/index.php\/treuhand-fuer-die-gastronomie-finanzen-im-griff\/"]}]},{"@type":"ImageObject","inLanguage":"de","@id":"https:\/\/gastrokompass.ch\/index.php\/treuhand-fuer-die-gastronomie-finanzen-im-griff\/#primaryimage","url":"https:\/\/gastrokompass.ch\/wp-content\/uploads\/2025\/05\/Treuhand-min.webp","contentUrl":"https:\/\/gastrokompass.ch\/wp-content\/uploads\/2025\/05\/Treuhand-min.webp","width":2048,"height":2048,"caption":"Zahlen im Griff \u2013 mit klarer Struktur und branchenspezifischem Know-how."},{"@type":"BreadcrumbList","@id":"https:\/\/gastrokompass.ch\/index.php\/treuhand-fuer-die-gastronomie-finanzen-im-griff\/#breadcrumb","itemListElement":[{"@type":"ListItem","position":1,"name":"Startseite","item":"https:\/\/gastrokompass.ch\/"},{"@type":"ListItem","position":2,"name":"Treuhand"}]},{"@type":"WebSite","@id":"https:\/\/gastrokompass.ch\/#website","url":"https:\/\/gastrokompass.ch\/","name":"gastrokompass","description":"Dein Partner auf dem Weg zur erfolgreichen Gastronomie","publisher":{"@id":"https:\/\/gastrokompass.ch\/#organization"},"potentialAction":[{"@type":"SearchAction","target":{"@type":"EntryPoint","urlTemplate":"https:\/\/gastrokompass.ch\/?s={search_term_string}"},"query-input":{"@type":"PropertyValueSpecification","valueRequired":true,"valueName":"search_term_string"}}],"inLanguage":"de"},{"@type":"Organization","@id":"https:\/\/gastrokompass.ch\/#organization","name":"gastrokompass","url":"https:\/\/gastrokompass.ch\/","logo":{"@type":"ImageObject","inLanguage":"de","@id":"https:\/\/gastrokompass.ch\/#\/schema\/logo\/image\/","url":"https:\/\/gastrokompass.ch\/wp-content\/uploads\/2025\/02\/Logo-white_homepage.webp","contentUrl":"https:\/\/gastrokompass.ch\/wp-content\/uploads\/2025\/02\/Logo-white_homepage.webp","width":300,"height":100,"caption":"gastrokompass"},"image":{"@id":"https:\/\/gastrokompass.ch\/#\/schema\/logo\/image\/"},"sameAs":["https:\/\/www.facebook.com\/profile.php?id=61573546676815"]}]}},"_links":{"self":[{"href":"https:\/\/gastrokompass.ch\/index.php\/wp-json\/wp\/v2\/pages\/778","targetHints":{"allow":["GET"]}}],"collection":[{"href":"https:\/\/gastrokompass.ch\/index.php\/wp-json\/wp\/v2\/pages"}],"about":[{"href":"https:\/\/gastrokompass.ch\/index.php\/wp-json\/wp\/v2\/types\/page"}],"author":[{"embeddable":true,"href":"https:\/\/gastrokompass.ch\/index.php\/wp-json\/wp\/v2\/users\/1"}],"replies":[{"embeddable":true,"href":"https:\/\/gastrokompass.ch\/index.php\/wp-json\/wp\/v2\/comments?post=778"}],"version-history":[{"count":55,"href":"https:\/\/gastrokompass.ch\/index.php\/wp-json\/wp\/v2\/pages\/778\/revisions"}],"predecessor-version":[{"id":1315,"href":"https:\/\/gastrokompass.ch\/index.php\/wp-json\/wp\/v2\/pages\/778\/revisions\/1315"}],"wp:attachment":[{"href":"https:\/\/gastrokompass.ch\/index.php\/wp-json\/wp\/v2\/media?parent=778"}],"curies":[{"name":"wp","href":"https:\/\/api.w.org\/{rel}","templated":true}]}}