{"id":639,"date":"2025-02-21T20:13:46","date_gmt":"2025-02-21T20:13:46","guid":{"rendered":"https:\/\/gastrokompass.ch\/?page_id=639"},"modified":"2025-05-03T12:03:47","modified_gmt":"2025-05-03T12:03:47","slug":"zuverlaessige-it-infrastruktur-fuer-die-gastronomie","status":"publish","type":"page","link":"https:\/\/gastrokompass.ch\/index.php\/zuverlaessige-it-infrastruktur-fuer-die-gastronomie\/","title":{"rendered":"IT"},"content":{"rendered":"\t\t<div data-elementor-type=\"wp-page\" data-elementor-id=\"639\" class=\"elementor elementor-639\" data-elementor-post-type=\"page\">\n\t\t\t\t<div class=\"elementor-element elementor-element-2d88bb3 e-con-full e-flex e-con e-parent\" data-id=\"2d88bb3\" data-element_type=\"container\">\n\t\t<div class=\"elementor-element elementor-element-34c2d4b e-con-full e-flex e-con e-child\" data-id=\"34c2d4b\" data-element_type=\"container\">\n\t\t\t\t<div class=\"elementor-element elementor-element-f3840de elementor-widget elementor-widget-image\" data-id=\"f3840de\" data-element_type=\"widget\" data-widget_type=\"image.default\">\n\t\t\t\t<div class=\"elementor-widget-container\">\n\t\t\t\t\t\t\t\t\t\t\t\t\t\t\t<img fetchpriority=\"high\" decoding=\"async\" width=\"800\" height=\"800\" src=\"https:\/\/gastrokompass.ch\/wp-content\/uploads\/2025\/05\/IT-min-1024x1024.webp\" class=\"attachment-large size-large wp-image-1118 not-transparent\" alt=\"Eine Person arbeitet an einem Laptop in einem Caf\u00e9, auf dem Bildschirm sind Programmiercodes zu sehen. Zuverl\u00e4ssige IT-Infrastruktur f\u00fcr die Gastronomie\" srcset=\"https:\/\/gastrokompass.ch\/wp-content\/uploads\/2025\/05\/IT-min-1024x1024.webp 1024w, https:\/\/gastrokompass.ch\/wp-content\/uploads\/2025\/05\/IT-min-300x300.webp 300w, https:\/\/gastrokompass.ch\/wp-content\/uploads\/2025\/05\/IT-min-150x150.webp 150w, https:\/\/gastrokompass.ch\/wp-content\/uploads\/2025\/05\/IT-min-768x768.webp 768w, https:\/\/gastrokompass.ch\/wp-content\/uploads\/2025\/05\/IT-min-1536x1536.webp 1536w, https:\/\/gastrokompass.ch\/wp-content\/uploads\/2025\/05\/IT-min.webp 2048w\" sizes=\"(max-width: 800px) 100vw, 800px\" data-has-transparency=\"false\" data-dominant-color=\"3f3426\" style=\"--dominant-color: #3f3426\" \/>\t\t\t\t\t\t\t\t\t\t\t\t\t\t\t<\/div>\n\t\t\t\t<\/div>\n\t\t\t\t<\/div>\n\t\t<div class=\"elementor-element elementor-element-140d681 e-con-full e-flex e-con e-child\" data-id=\"140d681\" data-element_type=\"container\">\n\t\t\t\t<div class=\"elementor-element elementor-element-cf16679 elementor-widget elementor-widget-heading\" data-id=\"cf16679\" data-element_type=\"widget\" data-widget_type=\"heading.default\">\n\t\t\t\t<div class=\"elementor-widget-container\">\n\t\t\t\t\t<h1 class=\"elementor-heading-title elementor-size-default\">Digitales f\u00fcr die Gastronomie<\/h1>\t\t\t\t<\/div>\n\t\t\t\t<\/div>\n\t\t\t\t<div class=\"elementor-element elementor-element-eb2462e elementor-widget elementor-widget-text-editor\" data-id=\"eb2462e\" data-element_type=\"widget\" data-widget_type=\"text-editor.default\">\n\t\t\t\t<div class=\"elementor-widget-container\">\n\t\t\t\t\t\t\t\t\t<p>In der heutigen Gastronomie ist eine zuverl\u00e4ssige IT-Infrastruktur unverzichtbar. Wir unterst\u00fctzen Sie mit massgeschneiderten digitalen L\u00f6sungen, die Ihre Abl\u00e4ufe optimieren und Ihr Unternehmen voranbringen.<\/p><p><strong>Ihr Vorteil:<\/strong> Wir bieten Ihnen nicht nur Technik, sondern auch praxisnahe L\u00f6sungen, die genau auf die Bed\u00fcrfnisse der Gastronomie zugeschnitten sind.<\/p><p><strong>Lassen Sie uns gemeinsam Ihre digitale Pr\u00e4senz optimieren!<\/strong><\/p>\t\t\t\t\t\t\t\t<\/div>\n\t\t\t\t<\/div>\n\t\t\t\t<div class=\"elementor-element elementor-element-2e07d11 elementor-widget elementor-widget-heading\" data-id=\"2e07d11\" data-element_type=\"widget\" data-widget_type=\"heading.default\">\n\t\t\t\t<div class=\"elementor-widget-container\">\n\t\t\t\t\t<h2 class=\"elementor-heading-title elementor-size-default\">Unsere Leistungen<\/h2>\t\t\t\t<\/div>\n\t\t\t\t<\/div>\n\t\t\t\t<div class=\"elementor-element elementor-element-71d7fbc elementor-widget elementor-widget-text-editor\" data-id=\"71d7fbc\" data-element_type=\"widget\" data-widget_type=\"text-editor.default\">\n\t\t\t\t<div class=\"elementor-widget-container\">\n\t\t\t\t\t\t\t\t\t<p><strong>Websites &amp; Webshops:<br \/><\/strong>Professionelle, benutzerfreundliche Websites, die Ihre Marke st\u00e4rken<\/p>\t\t\t\t\t\t\t\t<\/div>\n\t\t\t\t<\/div>\n\t\t\t\t<div class=\"elementor-element elementor-element-920f31f elementor-widget elementor-widget-text-editor\" data-id=\"920f31f\" data-element_type=\"widget\" data-widget_type=\"text-editor.default\">\n\t\t\t\t<div class=\"elementor-widget-container\">\n\t\t\t\t\t\t\t\t\t<p><strong>Cloud-L\u00f6sungen<br \/><\/strong>Sicherer Zugriff auf Ihre Daten, jederzeit und \u00fcberall<\/p>\t\t\t\t\t\t\t\t<\/div>\n\t\t\t\t<\/div>\n\t\t\t\t<div class=\"elementor-element elementor-element-d11170b elementor-widget elementor-widget-text-editor\" data-id=\"d11170b\" data-element_type=\"widget\" data-widget_type=\"text-editor.default\">\n\t\t\t\t<div class=\"elementor-widget-container\">\n\t\t\t\t\t\t\t\t\t<p><strong>IT-Support &amp; Beratung<br \/><\/strong>Individuelle L\u00f6sungen f\u00fcr eine effiziente IT-Infrastruktur<\/p>\t\t\t\t\t\t\t\t<\/div>\n\t\t\t\t<\/div>\n\t\t\t\t<\/div>\n\t\t\t\t<\/div>\n\t\t\t\t<\/div>\n\t\t","protected":false},"excerpt":{"rendered":"<p>Digitales f\u00fcr die Gastronomie In der heutigen Gastronomie ist eine zuverl\u00e4ssige IT-Infrastruktur unverzichtbar. Wir unterst\u00fctzen Sie mit massgeschneiderten digitalen L\u00f6sungen, die Ihre Abl\u00e4ufe optimieren und Ihr Unternehmen voranbringen. Ihr Vorteil: Wir bieten Ihnen nicht nur Technik, sondern auch praxisnahe L\u00f6sungen, die genau auf die Bed\u00fcrfnisse der Gastronomie zugeschnitten sind. Lassen Sie uns gemeinsam Ihre digitale [&hellip;]<\/p>\n","protected":false},"author":1,"featured_media":0,"parent":0,"menu_order":0,"comment_status":"closed","ping_status":"closed","template":"","meta":{"footnotes":""},"class_list":["post-639","page","type-page","status-publish","hentry"],"yoast_head":"<!-- This site is optimized with the Yoast SEO plugin v25.0 - https:\/\/yoast.com\/wordpress\/plugins\/seo\/ -->\n<title>Zuverl\u00e4ssige IT-Infrastruktur f\u00fcr die Gastronomie<\/title>\n<meta name=\"description\" content=\"Optimieren Sie Ihre Gastronomie mit massgeschneiderten IT-L\u00f6sungen: Websites, Cloud, IT-Support &amp; Beratung.\" \/>\n<meta name=\"robots\" content=\"index, follow, max-snippet:-1, max-image-preview:large, max-video-preview:-1\" \/>\n<link rel=\"canonical\" href=\"https:\/\/gastrokompass.ch\/index.php\/zuverlaessige-it-infrastruktur-fuer-die-gastronomie\/\" \/>\n<meta property=\"og:locale\" content=\"de_DE\" \/>\n<meta property=\"og:type\" content=\"article\" \/>\n<meta property=\"og:title\" content=\"Zuverl\u00e4ssige IT-Infrastruktur f\u00fcr die Gastronomie\" \/>\n<meta property=\"og:description\" content=\"Optimieren Sie Ihre Gastronomie mit massgeschneiderten IT-L\u00f6sungen: Websites, Cloud, IT-Support &amp; Beratung.\" \/>\n<meta property=\"og:url\" content=\"https:\/\/gastrokompass.ch\/index.php\/zuverlaessige-it-infrastruktur-fuer-die-gastronomie\/\" \/>\n<meta property=\"og:site_name\" content=\"Gastrokompass\" \/>\n<meta property=\"article:publisher\" content=\"https:\/\/www.facebook.com\/profile.php?id=61573546676815\" \/>\n<meta property=\"article:modified_time\" content=\"2025-05-03T12:03:47+00:00\" \/>\n<meta property=\"og:image\" content=\"https:\/\/gastrokompass.ch\/wp-content\/uploads\/2025\/05\/IT-min.webp\" \/>\n\t<meta property=\"og:image:width\" content=\"2048\" \/>\n\t<meta property=\"og:image:height\" content=\"2048\" \/>\n\t<meta property=\"og:image:type\" content=\"image\/jpeg\" \/>\n<meta name=\"twitter:card\" content=\"summary_large_image\" \/>\n<meta name=\"twitter:label1\" content=\"Gesch\u00e4tzte Lesezeit\" \/>\n\t<meta name=\"twitter:data1\" content=\"1\u00a0Minute\" \/>\n<script type=\"application\/ld+json\" class=\"yoast-schema-graph\">{\"@context\":\"https:\/\/schema.org\",\"@graph\":[{\"@type\":\"WebPage\",\"@id\":\"https:\/\/gastrokompass.ch\/index.php\/zuverlaessige-it-infrastruktur-fuer-die-gastronomie\/\",\"url\":\"https:\/\/gastrokompass.ch\/index.php\/zuverlaessige-it-infrastruktur-fuer-die-gastronomie\/\",\"name\":\"Zuverl\u00e4ssige IT-Infrastruktur f\u00fcr die Gastronomie\",\"isPartOf\":{\"@id\":\"https:\/\/gastrokompass.ch\/#website\"},\"primaryImageOfPage\":{\"@id\":\"https:\/\/gastrokompass.ch\/index.php\/zuverlaessige-it-infrastruktur-fuer-die-gastronomie\/#primaryimage\"},\"image\":{\"@id\":\"https:\/\/gastrokompass.ch\/index.php\/zuverlaessige-it-infrastruktur-fuer-die-gastronomie\/#primaryimage\"},\"thumbnailUrl\":\"https:\/\/gastrokompass.ch\/wp-content\/uploads\/2025\/05\/IT-min-1024x1024.webp\",\"datePublished\":\"2025-02-21T20:13:46+00:00\",\"dateModified\":\"2025-05-03T12:03:47+00:00\",\"description\":\"Optimieren Sie Ihre Gastronomie mit massgeschneiderten IT-L\u00f6sungen: Websites, Cloud, IT-Support & Beratung.\",\"breadcrumb\":{\"@id\":\"https:\/\/gastrokompass.ch\/index.php\/zuverlaessige-it-infrastruktur-fuer-die-gastronomie\/#breadcrumb\"},\"inLanguage\":\"de\",\"potentialAction\":[{\"@type\":\"ReadAction\",\"target\":[\"https:\/\/gastrokompass.ch\/index.php\/zuverlaessige-it-infrastruktur-fuer-die-gastronomie\/\"]}]},{\"@type\":\"ImageObject\",\"inLanguage\":\"de\",\"@id\":\"https:\/\/gastrokompass.ch\/index.php\/zuverlaessige-it-infrastruktur-fuer-die-gastronomie\/#primaryimage\",\"url\":\"https:\/\/gastrokompass.ch\/wp-content\/uploads\/2025\/05\/IT-min.webp\",\"contentUrl\":\"https:\/\/gastrokompass.ch\/wp-content\/uploads\/2025\/05\/IT-min.webp\",\"width\":2048,\"height\":2048,\"caption\":\"Ein IT-Experte entwickelt digitale L\u00f6sungen f\u00fcr die Gastronomie.\"},{\"@type\":\"BreadcrumbList\",\"@id\":\"https:\/\/gastrokompass.ch\/index.php\/zuverlaessige-it-infrastruktur-fuer-die-gastronomie\/#breadcrumb\",\"itemListElement\":[{\"@type\":\"ListItem\",\"position\":1,\"name\":\"Startseite\",\"item\":\"https:\/\/gastrokompass.ch\/\"},{\"@type\":\"ListItem\",\"position\":2,\"name\":\"IT\"}]},{\"@type\":\"WebSite\",\"@id\":\"https:\/\/gastrokompass.ch\/#website\",\"url\":\"https:\/\/gastrokompass.ch\/\",\"name\":\"gastrokompass\",\"description\":\"Dein Partner auf dem Weg zur erfolgreichen Gastronomie\",\"publisher\":{\"@id\":\"https:\/\/gastrokompass.ch\/#organization\"},\"potentialAction\":[{\"@type\":\"SearchAction\",\"target\":{\"@type\":\"EntryPoint\",\"urlTemplate\":\"https:\/\/gastrokompass.ch\/?s={search_term_string}\"},\"query-input\":{\"@type\":\"PropertyValueSpecification\",\"valueRequired\":true,\"valueName\":\"search_term_string\"}}],\"inLanguage\":\"de\"},{\"@type\":\"Organization\",\"@id\":\"https:\/\/gastrokompass.ch\/#organization\",\"name\":\"gastrokompass\",\"url\":\"https:\/\/gastrokompass.ch\/\",\"logo\":{\"@type\":\"ImageObject\",\"inLanguage\":\"de\",\"@id\":\"https:\/\/gastrokompass.ch\/#\/schema\/logo\/image\/\",\"url\":\"https:\/\/gastrokompass.ch\/wp-content\/uploads\/2025\/02\/Logo-white_homepage.webp\",\"contentUrl\":\"https:\/\/gastrokompass.ch\/wp-content\/uploads\/2025\/02\/Logo-white_homepage.webp\",\"width\":300,\"height\":100,\"caption\":\"gastrokompass\"},\"image\":{\"@id\":\"https:\/\/gastrokompass.ch\/#\/schema\/logo\/image\/\"},\"sameAs\":[\"https:\/\/www.facebook.com\/profile.php?id=61573546676815\"]}]}<\/script>\n<!-- \/ Yoast SEO plugin. -->","yoast_head_json":{"title":"Zuverl\u00e4ssige IT-Infrastruktur f\u00fcr die Gastronomie","description":"Optimieren Sie Ihre Gastronomie mit massgeschneiderten IT-L\u00f6sungen: Websites, Cloud, IT-Support & Beratung.","robots":{"index":"index","follow":"follow","max-snippet":"max-snippet:-1","max-image-preview":"max-image-preview:large","max-video-preview":"max-video-preview:-1"},"canonical":"https:\/\/gastrokompass.ch\/index.php\/zuverlaessige-it-infrastruktur-fuer-die-gastronomie\/","og_locale":"de_DE","og_type":"article","og_title":"Zuverl\u00e4ssige IT-Infrastruktur f\u00fcr die Gastronomie","og_description":"Optimieren Sie Ihre Gastronomie mit massgeschneiderten IT-L\u00f6sungen: Websites, Cloud, IT-Support & Beratung.","og_url":"https:\/\/gastrokompass.ch\/index.php\/zuverlaessige-it-infrastruktur-fuer-die-gastronomie\/","og_site_name":"Gastrokompass","article_publisher":"https:\/\/www.facebook.com\/profile.php?id=61573546676815","article_modified_time":"2025-05-03T12:03:47+00:00","og_image":[{"width":2048,"height":2048,"url":"https:\/\/gastrokompass.ch\/wp-content\/uploads\/2025\/05\/IT-min.webp","type":"image\/jpeg"}],"twitter_card":"summary_large_image","twitter_misc":{"Gesch\u00e4tzte Lesezeit":"1\u00a0Minute"},"schema":{"@context":"https:\/\/schema.org","@graph":[{"@type":"WebPage","@id":"https:\/\/gastrokompass.ch\/index.php\/zuverlaessige-it-infrastruktur-fuer-die-gastronomie\/","url":"https:\/\/gastrokompass.ch\/index.php\/zuverlaessige-it-infrastruktur-fuer-die-gastronomie\/","name":"Zuverl\u00e4ssige IT-Infrastruktur f\u00fcr die Gastronomie","isPartOf":{"@id":"https:\/\/gastrokompass.ch\/#website"},"primaryImageOfPage":{"@id":"https:\/\/gastrokompass.ch\/index.php\/zuverlaessige-it-infrastruktur-fuer-die-gastronomie\/#primaryimage"},"image":{"@id":"https:\/\/gastrokompass.ch\/index.php\/zuverlaessige-it-infrastruktur-fuer-die-gastronomie\/#primaryimage"},"thumbnailUrl":"https:\/\/gastrokompass.ch\/wp-content\/uploads\/2025\/05\/IT-min-1024x1024.webp","datePublished":"2025-02-21T20:13:46+00:00","dateModified":"2025-05-03T12:03:47+00:00","description":"Optimieren Sie Ihre Gastronomie mit massgeschneiderten IT-L\u00f6sungen: Websites, Cloud, IT-Support & Beratung.","breadcrumb":{"@id":"https:\/\/gastrokompass.ch\/index.php\/zuverlaessige-it-infrastruktur-fuer-die-gastronomie\/#breadcrumb"},"inLanguage":"de","potentialAction":[{"@type":"ReadAction","target":["https:\/\/gastrokompass.ch\/index.php\/zuverlaessige-it-infrastruktur-fuer-die-gastronomie\/"]}]},{"@type":"ImageObject","inLanguage":"de","@id":"https:\/\/gastrokompass.ch\/index.php\/zuverlaessige-it-infrastruktur-fuer-die-gastronomie\/#primaryimage","url":"https:\/\/gastrokompass.ch\/wp-content\/uploads\/2025\/05\/IT-min.webp","contentUrl":"https:\/\/gastrokompass.ch\/wp-content\/uploads\/2025\/05\/IT-min.webp","width":2048,"height":2048,"caption":"Ein IT-Experte entwickelt digitale L\u00f6sungen f\u00fcr die Gastronomie."},{"@type":"BreadcrumbList","@id":"https:\/\/gastrokompass.ch\/index.php\/zuverlaessige-it-infrastruktur-fuer-die-gastronomie\/#breadcrumb","itemListElement":[{"@type":"ListItem","position":1,"name":"Startseite","item":"https:\/\/gastrokompass.ch\/"},{"@type":"ListItem","position":2,"name":"IT"}]},{"@type":"WebSite","@id":"https:\/\/gastrokompass.ch\/#website","url":"https:\/\/gastrokompass.ch\/","name":"gastrokompass","description":"Dein Partner auf dem Weg zur erfolgreichen Gastronomie","publisher":{"@id":"https:\/\/gastrokompass.ch\/#organization"},"potentialAction":[{"@type":"SearchAction","target":{"@type":"EntryPoint","urlTemplate":"https:\/\/gastrokompass.ch\/?s={search_term_string}"},"query-input":{"@type":"PropertyValueSpecification","valueRequired":true,"valueName":"search_term_string"}}],"inLanguage":"de"},{"@type":"Organization","@id":"https:\/\/gastrokompass.ch\/#organization","name":"gastrokompass","url":"https:\/\/gastrokompass.ch\/","logo":{"@type":"ImageObject","inLanguage":"de","@id":"https:\/\/gastrokompass.ch\/#\/schema\/logo\/image\/","url":"https:\/\/gastrokompass.ch\/wp-content\/uploads\/2025\/02\/Logo-white_homepage.webp","contentUrl":"https:\/\/gastrokompass.ch\/wp-content\/uploads\/2025\/02\/Logo-white_homepage.webp","width":300,"height":100,"caption":"gastrokompass"},"image":{"@id":"https:\/\/gastrokompass.ch\/#\/schema\/logo\/image\/"},"sameAs":["https:\/\/www.facebook.com\/profile.php?id=61573546676815"]}]}},"_links":{"self":[{"href":"https:\/\/gastrokompass.ch\/index.php\/wp-json\/wp\/v2\/pages\/639","targetHints":{"allow":["GET"]}}],"collection":[{"href":"https:\/\/gastrokompass.ch\/index.php\/wp-json\/wp\/v2\/pages"}],"about":[{"href":"https:\/\/gastrokompass.ch\/index.php\/wp-json\/wp\/v2\/types\/page"}],"author":[{"embeddable":true,"href":"https:\/\/gastrokompass.ch\/index.php\/wp-json\/wp\/v2\/users\/1"}],"replies":[{"embeddable":true,"href":"https:\/\/gastrokompass.ch\/index.php\/wp-json\/wp\/v2\/comments?post=639"}],"version-history":[{"count":55,"href":"https:\/\/gastrokompass.ch\/index.php\/wp-json\/wp\/v2\/pages\/639\/revisions"}],"predecessor-version":[{"id":1271,"href":"https:\/\/gastrokompass.ch\/index.php\/wp-json\/wp\/v2\/pages\/639\/revisions\/1271"}],"wp:attachment":[{"href":"https:\/\/gastrokompass.ch\/index.php\/wp-json\/wp\/v2\/media?parent=639"}],"curies":[{"name":"wp","href":"https:\/\/api.w.org\/{rel}","templated":true}]}}