{"id":469,"date":"2025-02-17T06:59:22","date_gmt":"2025-02-17T06:59:22","guid":{"rendered":"https:\/\/gastrokompass.ch\/?page_id=469"},"modified":"2025-05-03T12:16:50","modified_gmt":"2025-05-03T12:16:50","slug":"marketingstrategien-fuer-ihr-restaurant","status":"publish","type":"page","link":"https:\/\/gastrokompass.ch\/index.php\/marketingstrategien-fuer-ihr-restaurant\/","title":{"rendered":"Marketing"},"content":{"rendered":"\t\t<div data-elementor-type=\"wp-page\" data-elementor-id=\"469\" class=\"elementor elementor-469\" data-elementor-post-type=\"page\">\n\t\t\t\t<div class=\"elementor-element elementor-element-5f144ae e-flex e-con-boxed e-con e-parent\" data-id=\"5f144ae\" data-element_type=\"container\">\n\t\t\t\t\t<div class=\"e-con-inner\">\n\t\t<div class=\"elementor-element elementor-element-8355c1a e-con-full e-flex e-con e-child\" data-id=\"8355c1a\" data-element_type=\"container\">\n\t\t\t\t<div class=\"elementor-element elementor-element-e6d13ee elementor-widget elementor-widget-image\" data-id=\"e6d13ee\" data-element_type=\"widget\" data-widget_type=\"image.default\">\n\t\t\t\t<div class=\"elementor-widget-container\">\n\t\t\t\t\t\t\t\t\t\t\t\t\t\t\t<img fetchpriority=\"high\" decoding=\"async\" width=\"800\" height=\"800\" src=\"https:\/\/gastrokompass.ch\/wp-content\/uploads\/2025\/05\/Marketing-min-1024x1024.webp\" class=\"attachment-large size-large wp-image-1104 not-transparent\" alt=\"Eine Person pr\u00e4sentiert eine Social Media Engagement Strategie auf einem Flipchart in einem Restaurant. Marketingstrategien f\u00fcr Ihr Restaurant\" srcset=\"https:\/\/gastrokompass.ch\/wp-content\/uploads\/2025\/05\/Marketing-min-1024x1024.webp 1024w, https:\/\/gastrokompass.ch\/wp-content\/uploads\/2025\/05\/Marketing-min-300x300.webp 300w, https:\/\/gastrokompass.ch\/wp-content\/uploads\/2025\/05\/Marketing-min-150x150.webp 150w, https:\/\/gastrokompass.ch\/wp-content\/uploads\/2025\/05\/Marketing-min-768x768.webp 768w, https:\/\/gastrokompass.ch\/wp-content\/uploads\/2025\/05\/Marketing-min-1536x1536.webp 1536w, https:\/\/gastrokompass.ch\/wp-content\/uploads\/2025\/05\/Marketing-min.webp 2048w\" sizes=\"(max-width: 800px) 100vw, 800px\" data-has-transparency=\"false\" data-dominant-color=\"5d5a52\" style=\"--dominant-color: #5d5a52\" \/>\t\t\t\t\t\t\t\t\t\t\t\t\t\t\t<\/div>\n\t\t\t\t<\/div>\n\t\t\t\t<\/div>\n\t\t<div class=\"elementor-element elementor-element-18c9998 e-con-full e-flex e-con e-child\" data-id=\"18c9998\" data-element_type=\"container\">\n\t\t\t\t<div class=\"elementor-element elementor-element-370fba1 elementor-widget elementor-widget-heading\" data-id=\"370fba1\" data-element_type=\"widget\" data-widget_type=\"heading.default\">\n\t\t\t\t<div class=\"elementor-widget-container\">\n\t\t\t\t\t<h1 class=\"elementor-heading-title elementor-size-default\">Ihre Marke im Rampenlicht<\/h1>\t\t\t\t<\/div>\n\t\t\t\t<\/div>\n\t\t\t\t<div class=\"elementor-element elementor-element-3aeea3b elementor-widget elementor-widget-text-editor\" data-id=\"3aeea3b\" data-element_type=\"widget\" data-widget_type=\"text-editor.default\">\n\t\t\t\t<div class=\"elementor-widget-container\">\n\t\t\t\t\t\t\t\t\t<p><span style=\"font-weight: 400;\">In der heutigen, schnelllebigen Welt ist durchdachtes Marketing unverzichtbar, um sich von der Konkurrenz abzuheben und G\u00e4ste langfristig zu binden. Genau hier setzt <\/span><span style=\"color: #c2a671;\"><b>gastrokompass<\/b><\/span><span style=\"font-weight: 400;\"> an: Wir kennen die Besonderheiten der Gastronomie und entwickeln passgenaue Marketingstrategien f\u00fcr Ihr Restaurant.<\/span><\/p>\t\t\t\t\t\t\t\t<\/div>\n\t\t\t\t<\/div>\n\t\t\t\t<div class=\"elementor-element elementor-element-1bf9cd7 elementor-widget elementor-widget-heading\" data-id=\"1bf9cd7\" data-element_type=\"widget\" data-widget_type=\"heading.default\">\n\t\t\t\t<div class=\"elementor-widget-container\">\n\t\t\t\t\t<h2 class=\"elementor-heading-title elementor-size-default\">Unsere Leistungen<\/h2>\t\t\t\t<\/div>\n\t\t\t\t<\/div>\n\t\t\t\t<div class=\"elementor-element elementor-element-df80f3d elementor-widget elementor-widget-text-editor\" data-id=\"df80f3d\" data-element_type=\"widget\" data-widget_type=\"text-editor.default\">\n\t\t\t\t<div class=\"elementor-widget-container\">\n\t\t\t\t\t\t\t\t\t<p><b>Speisekartengestaltung &amp; Branding<\/b><b><br \/><\/b><span style=\"font-weight: 400;\">Eine professionell gestaltete Speisekarte, die Ihre kulinarische Vision widerspiegelt und dabei \u00fcbersichtlich bleibt, tr\u00e4gt massgeblich zum G\u00e4steerlebnis bei. Gemeinsam mit Ihnen entwickeln wir zudem ein einheitliches Branding, das Ihr Restaurant unverwechselbar macht.<\/span><\/p>\t\t\t\t\t\t\t\t<\/div>\n\t\t\t\t<\/div>\n\t\t\t\t<div class=\"elementor-element elementor-element-78dc480 elementor-widget elementor-widget-text-editor\" data-id=\"78dc480\" data-element_type=\"widget\" data-widget_type=\"text-editor.default\">\n\t\t\t\t<div class=\"elementor-widget-container\">\n\t\t\t\t\t\t\t\t\t<p><b>Social Media &amp; Online-Marketing<\/b><b><br \/><\/b><span style=\"font-weight: 400;\">Wir erarbeiten einen massgeschneiderten Online-Auftritt f\u00fcr Ihre Gastronomie. Ob Instagram, Facebook oder Newsletter \u2013 wir finden die passenden Kan\u00e4le, um Ihre Zielgruppe effektiv zu erreichen und Ihre Marke zu st\u00e4rken.<\/span><\/p>\t\t\t\t\t\t\t\t<\/div>\n\t\t\t\t<\/div>\n\t\t\t\t<div class=\"elementor-element elementor-element-d82a5ca elementor-widget elementor-widget-text-editor\" data-id=\"d82a5ca\" data-element_type=\"widget\" data-widget_type=\"text-editor.default\">\n\t\t\t\t<div class=\"elementor-widget-container\">\n\t\t\t\t\t\t\t\t\t<p><span style=\"background-color: var( --e-global-color-707a479 );\"><strong>Kampagnen &amp; Promotions<\/strong><b><br \/><\/b><\/span>Ob Special-Events, Gewinnspiele oder saisonale Angebote \u2013 wir planen und realisieren Marketingaktionen wie Wine &amp; Dine, die Ihren G\u00e4sten Mehrwert bieten und Sie von der Konkurrenz abheben. Vom ersten Konzept bis zur finalen Umsetzung sind wir an Ihrer Seite.<\/p>\t\t\t\t\t\t\t\t<\/div>\n\t\t\t\t<\/div>\n\t\t\t\t<\/div>\n\t\t\t\t\t<\/div>\n\t\t\t\t<\/div>\n\t\t\t\t<\/div>\n\t\t","protected":false},"excerpt":{"rendered":"<p>Ihre Marke im Rampenlicht In der heutigen, schnelllebigen Welt ist durchdachtes Marketing unverzichtbar, um sich von der Konkurrenz abzuheben und G\u00e4ste langfristig zu binden. Genau hier setzt gastrokompass an: Wir kennen die Besonderheiten der Gastronomie und entwickeln passgenaue Marketingstrategien f\u00fcr Ihr Restaurant. Unsere Leistungen Speisekartengestaltung &amp; BrandingEine professionell gestaltete Speisekarte, die Ihre kulinarische Vision widerspiegelt [&hellip;]<\/p>\n","protected":false},"author":1,"featured_media":0,"parent":0,"menu_order":0,"comment_status":"closed","ping_status":"closed","template":"","meta":{"footnotes":""},"class_list":["post-469","page","type-page","status-publish","hentry"],"yoast_head":"<!-- This site is optimized with the Yoast SEO plugin v25.0 - https:\/\/yoast.com\/wordpress\/plugins\/seo\/ -->\n<title>Marketingstrategien f\u00fcr Ihr Restaurant mit gastrokompass<\/title>\n<meta name=\"description\" content=\"Durchdachtes Marketing f\u00fcr die Gastronomie. Gastrokompass entwickelt individuelle Strategien, um Ihr Restaurant unverwechselbar zu machen.\" \/>\n<meta name=\"robots\" content=\"index, follow, max-snippet:-1, max-image-preview:large, max-video-preview:-1\" \/>\n<link rel=\"canonical\" href=\"https:\/\/gastrokompass.ch\/index.php\/marketingstrategien-fuer-ihr-restaurant\/\" \/>\n<meta property=\"og:locale\" content=\"de_DE\" \/>\n<meta property=\"og:type\" content=\"article\" \/>\n<meta property=\"og:title\" content=\"Marketingstrategien f\u00fcr Ihr Restaurant mit gastrokompass\" \/>\n<meta property=\"og:description\" content=\"Durchdachtes Marketing f\u00fcr die Gastronomie. Gastrokompass entwickelt individuelle Strategien, um Ihr Restaurant unverwechselbar zu machen.\" \/>\n<meta property=\"og:url\" content=\"https:\/\/gastrokompass.ch\/index.php\/marketingstrategien-fuer-ihr-restaurant\/\" \/>\n<meta property=\"og:site_name\" content=\"Gastrokompass\" \/>\n<meta property=\"article:publisher\" content=\"https:\/\/www.facebook.com\/profile.php?id=61573546676815\" \/>\n<meta property=\"article:modified_time\" content=\"2025-05-03T12:16:50+00:00\" \/>\n<meta property=\"og:image\" content=\"https:\/\/gastrokompass.ch\/wp-content\/uploads\/2025\/05\/Marketing-min.webp\" \/>\n\t<meta property=\"og:image:width\" content=\"2048\" \/>\n\t<meta property=\"og:image:height\" content=\"2048\" \/>\n\t<meta property=\"og:image:type\" content=\"image\/jpeg\" \/>\n<meta name=\"twitter:card\" content=\"summary_large_image\" \/>\n<meta name=\"twitter:label1\" content=\"Gesch\u00e4tzte Lesezeit\" \/>\n\t<meta name=\"twitter:data1\" content=\"2\u00a0Minuten\" \/>\n<script type=\"application\/ld+json\" class=\"yoast-schema-graph\">{\"@context\":\"https:\/\/schema.org\",\"@graph\":[{\"@type\":\"WebPage\",\"@id\":\"https:\/\/gastrokompass.ch\/index.php\/marketingstrategien-fuer-ihr-restaurant\/\",\"url\":\"https:\/\/gastrokompass.ch\/index.php\/marketingstrategien-fuer-ihr-restaurant\/\",\"name\":\"Marketingstrategien f\u00fcr Ihr Restaurant mit gastrokompass\",\"isPartOf\":{\"@id\":\"https:\/\/gastrokompass.ch\/#website\"},\"primaryImageOfPage\":{\"@id\":\"https:\/\/gastrokompass.ch\/index.php\/marketingstrategien-fuer-ihr-restaurant\/#primaryimage\"},\"image\":{\"@id\":\"https:\/\/gastrokompass.ch\/index.php\/marketingstrategien-fuer-ihr-restaurant\/#primaryimage\"},\"thumbnailUrl\":\"https:\/\/gastrokompass.ch\/wp-content\/uploads\/2025\/05\/Marketing-min-1024x1024.webp\",\"datePublished\":\"2025-02-17T06:59:22+00:00\",\"dateModified\":\"2025-05-03T12:16:50+00:00\",\"description\":\"Durchdachtes Marketing f\u00fcr die Gastronomie. Gastrokompass entwickelt individuelle Strategien, um Ihr Restaurant unverwechselbar zu machen.\",\"breadcrumb\":{\"@id\":\"https:\/\/gastrokompass.ch\/index.php\/marketingstrategien-fuer-ihr-restaurant\/#breadcrumb\"},\"inLanguage\":\"de\",\"potentialAction\":[{\"@type\":\"ReadAction\",\"target\":[\"https:\/\/gastrokompass.ch\/index.php\/marketingstrategien-fuer-ihr-restaurant\/\"]}]},{\"@type\":\"ImageObject\",\"inLanguage\":\"de\",\"@id\":\"https:\/\/gastrokompass.ch\/index.php\/marketingstrategien-fuer-ihr-restaurant\/#primaryimage\",\"url\":\"https:\/\/gastrokompass.ch\/wp-content\/uploads\/2025\/05\/Marketing-min.webp\",\"contentUrl\":\"https:\/\/gastrokompass.ch\/wp-content\/uploads\/2025\/05\/Marketing-min.webp\",\"width\":2048,\"height\":2048,\"caption\":\"Eine Person zeigt auf ein Flipchart, das verschiedene Diagramme und Strategien zur Social Media Engagement Strategie enth\u00e4lt.\"},{\"@type\":\"BreadcrumbList\",\"@id\":\"https:\/\/gastrokompass.ch\/index.php\/marketingstrategien-fuer-ihr-restaurant\/#breadcrumb\",\"itemListElement\":[{\"@type\":\"ListItem\",\"position\":1,\"name\":\"Startseite\",\"item\":\"https:\/\/gastrokompass.ch\/\"},{\"@type\":\"ListItem\",\"position\":2,\"name\":\"Marketing\"}]},{\"@type\":\"WebSite\",\"@id\":\"https:\/\/gastrokompass.ch\/#website\",\"url\":\"https:\/\/gastrokompass.ch\/\",\"name\":\"gastrokompass\",\"description\":\"Dein Partner auf dem Weg zur erfolgreichen Gastronomie\",\"publisher\":{\"@id\":\"https:\/\/gastrokompass.ch\/#organization\"},\"potentialAction\":[{\"@type\":\"SearchAction\",\"target\":{\"@type\":\"EntryPoint\",\"urlTemplate\":\"https:\/\/gastrokompass.ch\/?s={search_term_string}\"},\"query-input\":{\"@type\":\"PropertyValueSpecification\",\"valueRequired\":true,\"valueName\":\"search_term_string\"}}],\"inLanguage\":\"de\"},{\"@type\":\"Organization\",\"@id\":\"https:\/\/gastrokompass.ch\/#organization\",\"name\":\"gastrokompass\",\"url\":\"https:\/\/gastrokompass.ch\/\",\"logo\":{\"@type\":\"ImageObject\",\"inLanguage\":\"de\",\"@id\":\"https:\/\/gastrokompass.ch\/#\/schema\/logo\/image\/\",\"url\":\"https:\/\/gastrokompass.ch\/wp-content\/uploads\/2025\/02\/Logo-white_homepage.webp\",\"contentUrl\":\"https:\/\/gastrokompass.ch\/wp-content\/uploads\/2025\/02\/Logo-white_homepage.webp\",\"width\":300,\"height\":100,\"caption\":\"gastrokompass\"},\"image\":{\"@id\":\"https:\/\/gastrokompass.ch\/#\/schema\/logo\/image\/\"},\"sameAs\":[\"https:\/\/www.facebook.com\/profile.php?id=61573546676815\"]}]}<\/script>\n<!-- \/ Yoast SEO plugin. -->","yoast_head_json":{"title":"Marketingstrategien f\u00fcr Ihr Restaurant mit gastrokompass","description":"Durchdachtes Marketing f\u00fcr die Gastronomie. Gastrokompass entwickelt individuelle Strategien, um Ihr Restaurant unverwechselbar zu machen.","robots":{"index":"index","follow":"follow","max-snippet":"max-snippet:-1","max-image-preview":"max-image-preview:large","max-video-preview":"max-video-preview:-1"},"canonical":"https:\/\/gastrokompass.ch\/index.php\/marketingstrategien-fuer-ihr-restaurant\/","og_locale":"de_DE","og_type":"article","og_title":"Marketingstrategien f\u00fcr Ihr Restaurant mit gastrokompass","og_description":"Durchdachtes Marketing f\u00fcr die Gastronomie. Gastrokompass entwickelt individuelle Strategien, um Ihr Restaurant unverwechselbar zu machen.","og_url":"https:\/\/gastrokompass.ch\/index.php\/marketingstrategien-fuer-ihr-restaurant\/","og_site_name":"Gastrokompass","article_publisher":"https:\/\/www.facebook.com\/profile.php?id=61573546676815","article_modified_time":"2025-05-03T12:16:50+00:00","og_image":[{"width":2048,"height":2048,"url":"https:\/\/gastrokompass.ch\/wp-content\/uploads\/2025\/05\/Marketing-min.webp","type":"image\/jpeg"}],"twitter_card":"summary_large_image","twitter_misc":{"Gesch\u00e4tzte Lesezeit":"2\u00a0Minuten"},"schema":{"@context":"https:\/\/schema.org","@graph":[{"@type":"WebPage","@id":"https:\/\/gastrokompass.ch\/index.php\/marketingstrategien-fuer-ihr-restaurant\/","url":"https:\/\/gastrokompass.ch\/index.php\/marketingstrategien-fuer-ihr-restaurant\/","name":"Marketingstrategien f\u00fcr Ihr Restaurant mit gastrokompass","isPartOf":{"@id":"https:\/\/gastrokompass.ch\/#website"},"primaryImageOfPage":{"@id":"https:\/\/gastrokompass.ch\/index.php\/marketingstrategien-fuer-ihr-restaurant\/#primaryimage"},"image":{"@id":"https:\/\/gastrokompass.ch\/index.php\/marketingstrategien-fuer-ihr-restaurant\/#primaryimage"},"thumbnailUrl":"https:\/\/gastrokompass.ch\/wp-content\/uploads\/2025\/05\/Marketing-min-1024x1024.webp","datePublished":"2025-02-17T06:59:22+00:00","dateModified":"2025-05-03T12:16:50+00:00","description":"Durchdachtes Marketing f\u00fcr die Gastronomie. Gastrokompass entwickelt individuelle Strategien, um Ihr Restaurant unverwechselbar zu machen.","breadcrumb":{"@id":"https:\/\/gastrokompass.ch\/index.php\/marketingstrategien-fuer-ihr-restaurant\/#breadcrumb"},"inLanguage":"de","potentialAction":[{"@type":"ReadAction","target":["https:\/\/gastrokompass.ch\/index.php\/marketingstrategien-fuer-ihr-restaurant\/"]}]},{"@type":"ImageObject","inLanguage":"de","@id":"https:\/\/gastrokompass.ch\/index.php\/marketingstrategien-fuer-ihr-restaurant\/#primaryimage","url":"https:\/\/gastrokompass.ch\/wp-content\/uploads\/2025\/05\/Marketing-min.webp","contentUrl":"https:\/\/gastrokompass.ch\/wp-content\/uploads\/2025\/05\/Marketing-min.webp","width":2048,"height":2048,"caption":"Eine Person zeigt auf ein Flipchart, das verschiedene Diagramme und Strategien zur Social Media Engagement Strategie enth\u00e4lt."},{"@type":"BreadcrumbList","@id":"https:\/\/gastrokompass.ch\/index.php\/marketingstrategien-fuer-ihr-restaurant\/#breadcrumb","itemListElement":[{"@type":"ListItem","position":1,"name":"Startseite","item":"https:\/\/gastrokompass.ch\/"},{"@type":"ListItem","position":2,"name":"Marketing"}]},{"@type":"WebSite","@id":"https:\/\/gastrokompass.ch\/#website","url":"https:\/\/gastrokompass.ch\/","name":"gastrokompass","description":"Dein Partner auf dem Weg zur erfolgreichen Gastronomie","publisher":{"@id":"https:\/\/gastrokompass.ch\/#organization"},"potentialAction":[{"@type":"SearchAction","target":{"@type":"EntryPoint","urlTemplate":"https:\/\/gastrokompass.ch\/?s={search_term_string}"},"query-input":{"@type":"PropertyValueSpecification","valueRequired":true,"valueName":"search_term_string"}}],"inLanguage":"de"},{"@type":"Organization","@id":"https:\/\/gastrokompass.ch\/#organization","name":"gastrokompass","url":"https:\/\/gastrokompass.ch\/","logo":{"@type":"ImageObject","inLanguage":"de","@id":"https:\/\/gastrokompass.ch\/#\/schema\/logo\/image\/","url":"https:\/\/gastrokompass.ch\/wp-content\/uploads\/2025\/02\/Logo-white_homepage.webp","contentUrl":"https:\/\/gastrokompass.ch\/wp-content\/uploads\/2025\/02\/Logo-white_homepage.webp","width":300,"height":100,"caption":"gastrokompass"},"image":{"@id":"https:\/\/gastrokompass.ch\/#\/schema\/logo\/image\/"},"sameAs":["https:\/\/www.facebook.com\/profile.php?id=61573546676815"]}]}},"_links":{"self":[{"href":"https:\/\/gastrokompass.ch\/index.php\/wp-json\/wp\/v2\/pages\/469","targetHints":{"allow":["GET"]}}],"collection":[{"href":"https:\/\/gastrokompass.ch\/index.php\/wp-json\/wp\/v2\/pages"}],"about":[{"href":"https:\/\/gastrokompass.ch\/index.php\/wp-json\/wp\/v2\/types\/page"}],"author":[{"embeddable":true,"href":"https:\/\/gastrokompass.ch\/index.php\/wp-json\/wp\/v2\/users\/1"}],"replies":[{"embeddable":true,"href":"https:\/\/gastrokompass.ch\/index.php\/wp-json\/wp\/v2\/comments?post=469"}],"version-history":[{"count":61,"href":"https:\/\/gastrokompass.ch\/index.php\/wp-json\/wp\/v2\/pages\/469\/revisions"}],"predecessor-version":[{"id":1309,"href":"https:\/\/gastrokompass.ch\/index.php\/wp-json\/wp\/v2\/pages\/469\/revisions\/1309"}],"wp:attachment":[{"href":"https:\/\/gastrokompass.ch\/index.php\/wp-json\/wp\/v2\/media?parent=469"}],"curies":[{"name":"wp","href":"https:\/\/api.w.org\/{rel}","templated":true}]}}