{"id":466,"date":"2025-02-17T05:52:18","date_gmt":"2025-02-17T05:52:18","guid":{"rendered":"https:\/\/gastrokompass.ch\/?page_id=466"},"modified":"2025-05-03T19:14:40","modified_gmt":"2025-05-03T19:14:40","slug":"erlesene-koestlichkeiten","status":"publish","type":"page","link":"https:\/\/gastrokompass.ch\/index.php\/erlesene-koestlichkeiten\/","title":{"rendered":"Genuss"},"content":{"rendered":"\t\t<div data-elementor-type=\"wp-page\" data-elementor-id=\"466\" class=\"elementor elementor-466\" data-elementor-post-type=\"page\">\n\t\t\t\t<div class=\"elementor-element elementor-element-afb3670 e-flex e-con-boxed e-con e-parent\" data-id=\"afb3670\" data-element_type=\"container\">\n\t\t\t\t\t<div class=\"e-con-inner\">\n\t\t<div class=\"elementor-element elementor-element-cb76170 e-con-full e-flex e-con e-child\" data-id=\"cb76170\" data-element_type=\"container\">\n\t\t\t\t<div class=\"elementor-element elementor-element-33299e6 elementor-widget elementor-widget-image\" data-id=\"33299e6\" data-element_type=\"widget\" data-widget_type=\"image.default\">\n\t\t\t\t<div class=\"elementor-widget-container\">\n\t\t\t\t\t\t\t\t\t\t\t\t\t\t\t<img fetchpriority=\"high\" decoding=\"async\" width=\"800\" height=\"800\" src=\"https:\/\/gastrokompass.ch\/wp-content\/uploads\/2025\/05\/Genuss-min-1024x1024.webp\" class=\"attachment-large size-large wp-image-1070 not-transparent\" alt=\"Junge Frau in weissem Hemd und gr\u00fcnem Vorbinder serviert Wein in stilvoll beleuchteter Vinothek mit Flaschen und Gl\u00e4sern im Vordergrund. Erlesene K\u00f6stlichkeiten\" srcset=\"https:\/\/gastrokompass.ch\/wp-content\/uploads\/2025\/05\/Genuss-min-1024x1024.webp 1024w, https:\/\/gastrokompass.ch\/wp-content\/uploads\/2025\/05\/Genuss-min-300x300.webp 300w, https:\/\/gastrokompass.ch\/wp-content\/uploads\/2025\/05\/Genuss-min-150x150.webp 150w, https:\/\/gastrokompass.ch\/wp-content\/uploads\/2025\/05\/Genuss-min-768x768.webp 768w, https:\/\/gastrokompass.ch\/wp-content\/uploads\/2025\/05\/Genuss-min-1536x1536.webp 1536w, https:\/\/gastrokompass.ch\/wp-content\/uploads\/2025\/05\/Genuss-min.webp 2048w\" sizes=\"(max-width: 800px) 100vw, 800px\" data-has-transparency=\"false\" data-dominant-color=\"3d3020\" style=\"--dominant-color: #3d3020\" \/>\t\t\t\t\t\t\t\t\t\t\t\t\t\t\t<\/div>\n\t\t\t\t<\/div>\n\t\t\t\t<\/div>\n\t\t<div class=\"elementor-element elementor-element-2660d08 e-con-full e-flex e-con e-child\" data-id=\"2660d08\" data-element_type=\"container\">\n\t\t\t\t<div class=\"elementor-element elementor-element-575fda2 elementor-widget elementor-widget-heading\" data-id=\"575fda2\" data-element_type=\"widget\" data-widget_type=\"heading.default\">\n\t\t\t\t<div class=\"elementor-widget-container\">\n\t\t\t\t\t<h1 class=\"elementor-heading-title elementor-size-default\">Exquisite Spezialit\u00e4ten<\/h1>\t\t\t\t<\/div>\n\t\t\t\t<\/div>\n\t\t\t\t<div class=\"elementor-element elementor-element-e3c34d5 elementor-widget elementor-widget-text-editor\" data-id=\"e3c34d5\" data-element_type=\"widget\" data-widget_type=\"text-editor.default\">\n\t\t\t\t<div class=\"elementor-widget-container\">\n\t\t\t\t\t\t\t\t\t<p data-pm-slice=\"1 1 []\">Entdecken Sie eine Welt voller erlesener K\u00f6stlichkeiten! In unserem Sortiment finden Sie \u00fcber 2&#8217;000 sorgf\u00e4ltig ausgew\u00e4hlte Genussprodukte, die die Vielfalt und Qualit\u00e4t der Handwerkskunst widerspiegeln.<\/p><p data-pm-slice=\"1 1 []\">Die Firma\u00a0<a href=\"https:\/\/www.bona-mente.ch\/shop\" target=\"_blank\" rel=\"noopener\"><strong>Bonamente GmbH<\/strong><\/a>\u00a0steht Ihnen f\u00fcr eine alle Fragen zum Thema Genussmittel gerne zur Verf\u00fcgung.<\/p>\t\t\t\t\t\t\t\t<\/div>\n\t\t\t\t<\/div>\n\t\t\t\t<div class=\"elementor-element elementor-element-1267104 elementor-widget elementor-widget-heading\" data-id=\"1267104\" data-element_type=\"widget\" data-widget_type=\"heading.default\">\n\t\t\t\t<div class=\"elementor-widget-container\">\n\t\t\t\t\t<h2 class=\"elementor-heading-title elementor-size-default\">Exklusive Produkte auf Anfrage<\/h2>\t\t\t\t<\/div>\n\t\t\t\t<\/div>\n\t\t\t\t<div class=\"elementor-element elementor-element-e212e79 elementor-widget elementor-widget-text-editor\" data-id=\"e212e79\" data-element_type=\"widget\" data-widget_type=\"text-editor.default\">\n\t\t\t\t<div class=\"elementor-widget-container\">\n\t\t\t\t\t\t\t\t\t<p>Haben Sie spezielle W\u00fcnsche? Wir machen das Besondere m\u00f6glich! Auf Anfrage recherchieren wir f\u00fcr Sie exklusive Produkte und bringen einzigartige Genussmomente direkt zu Ihnen.<\/p><p>Erleben Sie die Vielfalt und lassen Sie sich von unseren Spezialit\u00e4ten inspirieren \u2013 f\u00fcr jeden Geschmack das Beste.<\/p>\t\t\t\t\t\t\t\t<\/div>\n\t\t\t\t<\/div>\n\t\t\t\t<div class=\"elementor-element elementor-element-5a79f94 elementor-widget elementor-widget-heading\" data-id=\"5a79f94\" data-element_type=\"widget\" data-widget_type=\"heading.default\">\n\t\t\t\t<div class=\"elementor-widget-container\">\n\t\t\t\t\t<h2 class=\"elementor-heading-title elementor-size-default\">Unsere Leistungen<\/h2>\t\t\t\t<\/div>\n\t\t\t\t<\/div>\n\t\t\t\t<div class=\"elementor-element elementor-element-db6f4ce elementor-widget elementor-widget-text-editor\" data-id=\"db6f4ce\" data-element_type=\"widget\" data-widget_type=\"text-editor.default\">\n\t\t\t\t<div class=\"elementor-widget-container\">\n\t\t\t\t\t\t\t\t\t<p><strong>Weine<br \/><\/strong>Von charakterstarken Rotweinen bis hin zu spritzigen Weissweinen \u2013 wir bieten exklusive Tropfen aus den besten Anbaugebieten.<\/p>\t\t\t\t\t\t\t\t<\/div>\n\t\t\t\t<\/div>\n\t\t\t\t<div class=\"elementor-element elementor-element-32ad220 elementor-widget elementor-widget-text-editor\" data-id=\"32ad220\" data-element_type=\"widget\" data-widget_type=\"text-editor.default\">\n\t\t\t\t<div class=\"elementor-widget-container\">\n\t\t\t\t\t\t\t\t\t<p><strong>Oliven\u00f6l Extra Vergine<br \/><\/strong>Feinste, kaltgepresste \u00d6le, die mit ihrem intensiven Aroma und ihrer Reinheit \u00fcberzeugen.<\/p>\t\t\t\t\t\t\t\t<\/div>\n\t\t\t\t<\/div>\n\t\t\t\t<div class=\"elementor-element elementor-element-29ed301 elementor-widget elementor-widget-text-editor\" data-id=\"29ed301\" data-element_type=\"widget\" data-widget_type=\"text-editor.default\">\n\t\t\t\t<div class=\"elementor-widget-container\">\n\t\t\t\t\t\t\t\t\t<p><strong>Aceto Balsamico<br \/><\/strong>Traditionell gereifter Balsamico, der durch seine vollmundige S\u00fcsse und feine S\u00e4ure besticht.<\/p>\t\t\t\t\t\t\t\t<\/div>\n\t\t\t\t<\/div>\n\t\t\t\t<div class=\"elementor-element elementor-element-f812ca8 elementor-widget elementor-widget-text-editor\" data-id=\"f812ca8\" data-element_type=\"widget\" data-widget_type=\"text-editor.default\">\n\t\t\t\t<div class=\"elementor-widget-container\">\n\t\t\t\t\t\t\t\t\t<p><strong>Kaffee<br \/><\/strong>Authentischer italienischer Genuss \u2013 von kr\u00e4ftigem Espresso bis zu sanften R\u00f6stungen.<\/p>\t\t\t\t\t\t\t\t<\/div>\n\t\t\t\t<\/div>\n\t\t\t\t<\/div>\n\t\t\t\t\t<\/div>\n\t\t\t\t<\/div>\n\t\t\t\t<\/div>\n\t\t","protected":false},"excerpt":{"rendered":"<p>Exquisite Spezialit\u00e4ten Entdecken Sie eine Welt voller erlesener K\u00f6stlichkeiten! In unserem Sortiment finden Sie \u00fcber 2&#8217;000 sorgf\u00e4ltig ausgew\u00e4hlte Genussprodukte, die die Vielfalt und Qualit\u00e4t der Handwerkskunst widerspiegeln. Die Firma\u00a0Bonamente GmbH\u00a0steht Ihnen f\u00fcr eine alle Fragen zum Thema Genussmittel gerne zur Verf\u00fcgung. Exklusive Produkte auf Anfrage Haben Sie spezielle W\u00fcnsche? Wir machen das Besondere m\u00f6glich! Auf [&hellip;]<\/p>\n","protected":false},"author":1,"featured_media":0,"parent":0,"menu_order":0,"comment_status":"closed","ping_status":"closed","template":"","meta":{"footnotes":""},"class_list":["post-466","page","type-page","status-publish","hentry"],"yoast_head":"<!-- This site is optimized with the Yoast SEO plugin v25.0 - https:\/\/yoast.com\/wordpress\/plugins\/seo\/ -->\n<title>Erlesene K\u00f6stlichkeiten - Entdecken Sie exklusive Qualit\u00e4t<\/title>\n<meta name=\"description\" content=\"\u00dcber 2&#039;000 erlesene K\u00f6stlichkeiten: Weine, Oliven\u00f6le, Balsamico, Kaffee und exklusive Produkte. Lassen Sie sich inspirieren!\" \/>\n<meta name=\"robots\" content=\"index, follow, max-snippet:-1, max-image-preview:large, max-video-preview:-1\" \/>\n<link rel=\"canonical\" href=\"https:\/\/gastrokompass.ch\/index.php\/erlesene-koestlichkeiten\/\" \/>\n<meta property=\"og:locale\" content=\"de_DE\" \/>\n<meta property=\"og:type\" content=\"article\" \/>\n<meta property=\"og:title\" content=\"Erlesene K\u00f6stlichkeiten - Entdecken Sie exklusive Qualit\u00e4t\" \/>\n<meta property=\"og:description\" content=\"\u00dcber 2&#039;000 erlesene K\u00f6stlichkeiten: Weine, Oliven\u00f6le, Balsamico, Kaffee und exklusive Produkte. Lassen Sie sich inspirieren!\" \/>\n<meta property=\"og:url\" content=\"https:\/\/gastrokompass.ch\/index.php\/erlesene-koestlichkeiten\/\" \/>\n<meta property=\"og:site_name\" content=\"Gastrokompass\" \/>\n<meta property=\"article:publisher\" content=\"https:\/\/www.facebook.com\/profile.php?id=61573546676815\" \/>\n<meta property=\"article:modified_time\" content=\"2025-05-03T19:14:40+00:00\" \/>\n<meta property=\"og:image\" content=\"https:\/\/gastrokompass.ch\/wp-content\/uploads\/2025\/05\/Genuss-min.webp\" \/>\n\t<meta property=\"og:image:width\" content=\"2048\" \/>\n\t<meta property=\"og:image:height\" content=\"2048\" \/>\n\t<meta property=\"og:image:type\" content=\"image\/jpeg\" \/>\n<meta name=\"twitter:card\" content=\"summary_large_image\" \/>\n<meta name=\"twitter:label1\" content=\"Gesch\u00e4tzte Lesezeit\" \/>\n\t<meta name=\"twitter:data1\" content=\"2\u00a0Minuten\" \/>\n<script type=\"application\/ld+json\" class=\"yoast-schema-graph\">{\"@context\":\"https:\/\/schema.org\",\"@graph\":[{\"@type\":\"WebPage\",\"@id\":\"https:\/\/gastrokompass.ch\/index.php\/erlesene-koestlichkeiten\/\",\"url\":\"https:\/\/gastrokompass.ch\/index.php\/erlesene-koestlichkeiten\/\",\"name\":\"Erlesene K\u00f6stlichkeiten - Entdecken Sie exklusive Qualit\u00e4t\",\"isPartOf\":{\"@id\":\"https:\/\/gastrokompass.ch\/#website\"},\"primaryImageOfPage\":{\"@id\":\"https:\/\/gastrokompass.ch\/index.php\/erlesene-koestlichkeiten\/#primaryimage\"},\"image\":{\"@id\":\"https:\/\/gastrokompass.ch\/index.php\/erlesene-koestlichkeiten\/#primaryimage\"},\"thumbnailUrl\":\"https:\/\/gastrokompass.ch\/wp-content\/uploads\/2025\/05\/Genuss-min-1024x1024.webp\",\"datePublished\":\"2025-02-17T05:52:18+00:00\",\"dateModified\":\"2025-05-03T19:14:40+00:00\",\"description\":\"\u00dcber 2'000 erlesene K\u00f6stlichkeiten: Weine, Oliven\u00f6le, Balsamico, Kaffee und exklusive Produkte. Lassen Sie sich inspirieren!\",\"breadcrumb\":{\"@id\":\"https:\/\/gastrokompass.ch\/index.php\/erlesene-koestlichkeiten\/#breadcrumb\"},\"inLanguage\":\"de\",\"potentialAction\":[{\"@type\":\"ReadAction\",\"target\":[\"https:\/\/gastrokompass.ch\/index.php\/erlesene-koestlichkeiten\/\"]}]},{\"@type\":\"ImageObject\",\"inLanguage\":\"de\",\"@id\":\"https:\/\/gastrokompass.ch\/index.php\/erlesene-koestlichkeiten\/#primaryimage\",\"url\":\"https:\/\/gastrokompass.ch\/wp-content\/uploads\/2025\/05\/Genuss-min.webp\",\"contentUrl\":\"https:\/\/gastrokompass.ch\/wp-content\/uploads\/2025\/05\/Genuss-min.webp\",\"width\":2048,\"height\":2048,\"caption\":\"Feine Tropfen und pers\u00f6nliche Beratung \u2013 Genussmomente mit Leidenschaft serviert.\"},{\"@type\":\"BreadcrumbList\",\"@id\":\"https:\/\/gastrokompass.ch\/index.php\/erlesene-koestlichkeiten\/#breadcrumb\",\"itemListElement\":[{\"@type\":\"ListItem\",\"position\":1,\"name\":\"Startseite\",\"item\":\"https:\/\/gastrokompass.ch\/\"},{\"@type\":\"ListItem\",\"position\":2,\"name\":\"Genuss\"}]},{\"@type\":\"WebSite\",\"@id\":\"https:\/\/gastrokompass.ch\/#website\",\"url\":\"https:\/\/gastrokompass.ch\/\",\"name\":\"gastrokompass\",\"description\":\"Dein Partner auf dem Weg zur erfolgreichen Gastronomie\",\"publisher\":{\"@id\":\"https:\/\/gastrokompass.ch\/#organization\"},\"potentialAction\":[{\"@type\":\"SearchAction\",\"target\":{\"@type\":\"EntryPoint\",\"urlTemplate\":\"https:\/\/gastrokompass.ch\/?s={search_term_string}\"},\"query-input\":{\"@type\":\"PropertyValueSpecification\",\"valueRequired\":true,\"valueName\":\"search_term_string\"}}],\"inLanguage\":\"de\"},{\"@type\":\"Organization\",\"@id\":\"https:\/\/gastrokompass.ch\/#organization\",\"name\":\"gastrokompass\",\"url\":\"https:\/\/gastrokompass.ch\/\",\"logo\":{\"@type\":\"ImageObject\",\"inLanguage\":\"de\",\"@id\":\"https:\/\/gastrokompass.ch\/#\/schema\/logo\/image\/\",\"url\":\"https:\/\/gastrokompass.ch\/wp-content\/uploads\/2025\/02\/Logo-white_homepage.webp\",\"contentUrl\":\"https:\/\/gastrokompass.ch\/wp-content\/uploads\/2025\/02\/Logo-white_homepage.webp\",\"width\":300,\"height\":100,\"caption\":\"gastrokompass\"},\"image\":{\"@id\":\"https:\/\/gastrokompass.ch\/#\/schema\/logo\/image\/\"},\"sameAs\":[\"https:\/\/www.facebook.com\/profile.php?id=61573546676815\"]}]}<\/script>\n<!-- \/ Yoast SEO plugin. -->","yoast_head_json":{"title":"Erlesene K\u00f6stlichkeiten - Entdecken Sie exklusive Qualit\u00e4t","description":"\u00dcber 2'000 erlesene K\u00f6stlichkeiten: Weine, Oliven\u00f6le, Balsamico, Kaffee und exklusive Produkte. Lassen Sie sich inspirieren!","robots":{"index":"index","follow":"follow","max-snippet":"max-snippet:-1","max-image-preview":"max-image-preview:large","max-video-preview":"max-video-preview:-1"},"canonical":"https:\/\/gastrokompass.ch\/index.php\/erlesene-koestlichkeiten\/","og_locale":"de_DE","og_type":"article","og_title":"Erlesene K\u00f6stlichkeiten - Entdecken Sie exklusive Qualit\u00e4t","og_description":"\u00dcber 2'000 erlesene K\u00f6stlichkeiten: Weine, Oliven\u00f6le, Balsamico, Kaffee und exklusive Produkte. Lassen Sie sich inspirieren!","og_url":"https:\/\/gastrokompass.ch\/index.php\/erlesene-koestlichkeiten\/","og_site_name":"Gastrokompass","article_publisher":"https:\/\/www.facebook.com\/profile.php?id=61573546676815","article_modified_time":"2025-05-03T19:14:40+00:00","og_image":[{"width":2048,"height":2048,"url":"https:\/\/gastrokompass.ch\/wp-content\/uploads\/2025\/05\/Genuss-min.webp","type":"image\/jpeg"}],"twitter_card":"summary_large_image","twitter_misc":{"Gesch\u00e4tzte Lesezeit":"2\u00a0Minuten"},"schema":{"@context":"https:\/\/schema.org","@graph":[{"@type":"WebPage","@id":"https:\/\/gastrokompass.ch\/index.php\/erlesene-koestlichkeiten\/","url":"https:\/\/gastrokompass.ch\/index.php\/erlesene-koestlichkeiten\/","name":"Erlesene K\u00f6stlichkeiten - Entdecken Sie exklusive Qualit\u00e4t","isPartOf":{"@id":"https:\/\/gastrokompass.ch\/#website"},"primaryImageOfPage":{"@id":"https:\/\/gastrokompass.ch\/index.php\/erlesene-koestlichkeiten\/#primaryimage"},"image":{"@id":"https:\/\/gastrokompass.ch\/index.php\/erlesene-koestlichkeiten\/#primaryimage"},"thumbnailUrl":"https:\/\/gastrokompass.ch\/wp-content\/uploads\/2025\/05\/Genuss-min-1024x1024.webp","datePublished":"2025-02-17T05:52:18+00:00","dateModified":"2025-05-03T19:14:40+00:00","description":"\u00dcber 2'000 erlesene K\u00f6stlichkeiten: Weine, Oliven\u00f6le, Balsamico, Kaffee und exklusive Produkte. Lassen Sie sich inspirieren!","breadcrumb":{"@id":"https:\/\/gastrokompass.ch\/index.php\/erlesene-koestlichkeiten\/#breadcrumb"},"inLanguage":"de","potentialAction":[{"@type":"ReadAction","target":["https:\/\/gastrokompass.ch\/index.php\/erlesene-koestlichkeiten\/"]}]},{"@type":"ImageObject","inLanguage":"de","@id":"https:\/\/gastrokompass.ch\/index.php\/erlesene-koestlichkeiten\/#primaryimage","url":"https:\/\/gastrokompass.ch\/wp-content\/uploads\/2025\/05\/Genuss-min.webp","contentUrl":"https:\/\/gastrokompass.ch\/wp-content\/uploads\/2025\/05\/Genuss-min.webp","width":2048,"height":2048,"caption":"Feine Tropfen und pers\u00f6nliche Beratung \u2013 Genussmomente mit Leidenschaft serviert."},{"@type":"BreadcrumbList","@id":"https:\/\/gastrokompass.ch\/index.php\/erlesene-koestlichkeiten\/#breadcrumb","itemListElement":[{"@type":"ListItem","position":1,"name":"Startseite","item":"https:\/\/gastrokompass.ch\/"},{"@type":"ListItem","position":2,"name":"Genuss"}]},{"@type":"WebSite","@id":"https:\/\/gastrokompass.ch\/#website","url":"https:\/\/gastrokompass.ch\/","name":"gastrokompass","description":"Dein Partner auf dem Weg zur erfolgreichen Gastronomie","publisher":{"@id":"https:\/\/gastrokompass.ch\/#organization"},"potentialAction":[{"@type":"SearchAction","target":{"@type":"EntryPoint","urlTemplate":"https:\/\/gastrokompass.ch\/?s={search_term_string}"},"query-input":{"@type":"PropertyValueSpecification","valueRequired":true,"valueName":"search_term_string"}}],"inLanguage":"de"},{"@type":"Organization","@id":"https:\/\/gastrokompass.ch\/#organization","name":"gastrokompass","url":"https:\/\/gastrokompass.ch\/","logo":{"@type":"ImageObject","inLanguage":"de","@id":"https:\/\/gastrokompass.ch\/#\/schema\/logo\/image\/","url":"https:\/\/gastrokompass.ch\/wp-content\/uploads\/2025\/02\/Logo-white_homepage.webp","contentUrl":"https:\/\/gastrokompass.ch\/wp-content\/uploads\/2025\/02\/Logo-white_homepage.webp","width":300,"height":100,"caption":"gastrokompass"},"image":{"@id":"https:\/\/gastrokompass.ch\/#\/schema\/logo\/image\/"},"sameAs":["https:\/\/www.facebook.com\/profile.php?id=61573546676815"]}]}},"_links":{"self":[{"href":"https:\/\/gastrokompass.ch\/index.php\/wp-json\/wp\/v2\/pages\/466","targetHints":{"allow":["GET"]}}],"collection":[{"href":"https:\/\/gastrokompass.ch\/index.php\/wp-json\/wp\/v2\/pages"}],"about":[{"href":"https:\/\/gastrokompass.ch\/index.php\/wp-json\/wp\/v2\/types\/page"}],"author":[{"embeddable":true,"href":"https:\/\/gastrokompass.ch\/index.php\/wp-json\/wp\/v2\/users\/1"}],"replies":[{"embeddable":true,"href":"https:\/\/gastrokompass.ch\/index.php\/wp-json\/wp\/v2\/comments?post=466"}],"version-history":[{"count":74,"href":"https:\/\/gastrokompass.ch\/index.php\/wp-json\/wp\/v2\/pages\/466\/revisions"}],"predecessor-version":[{"id":1389,"href":"https:\/\/gastrokompass.ch\/index.php\/wp-json\/wp\/v2\/pages\/466\/revisions\/1389"}],"wp:attachment":[{"href":"https:\/\/gastrokompass.ch\/index.php\/wp-json\/wp\/v2\/media?parent=466"}],"curies":[{"name":"wp","href":"https:\/\/api.w.org\/{rel}","templated":true}]}}