{"id":430,"date":"2025-02-16T21:38:16","date_gmt":"2025-02-16T21:38:16","guid":{"rendered":"https:\/\/gastrokompass.ch\/?page_id=430"},"modified":"2025-05-03T19:08:13","modified_gmt":"2025-05-03T19:08:13","slug":"kompetente-versicherungsberatung-fuer-unternehmen-unabhaengig-individuell","status":"publish","type":"page","link":"https:\/\/gastrokompass.ch\/index.php\/kompetente-versicherungsberatung-fuer-unternehmen-unabhaengig-individuell\/","title":{"rendered":"Versicherungsbroker"},"content":{"rendered":"\t\t<div data-elementor-type=\"wp-page\" data-elementor-id=\"430\" class=\"elementor elementor-430\" data-elementor-post-type=\"page\">\n\t\t\t\t<div class=\"elementor-element elementor-element-e2048a5 e-flex e-con-boxed e-con e-parent\" data-id=\"e2048a5\" data-element_type=\"container\">\n\t\t\t\t\t<div class=\"e-con-inner\">\n\t\t<div class=\"elementor-element elementor-element-f5c7156 e-con-full e-flex e-con e-child\" data-id=\"f5c7156\" data-element_type=\"container\">\n\t\t\t\t<div class=\"elementor-element elementor-element-a9d6e7f elementor-widget elementor-widget-image\" data-id=\"a9d6e7f\" data-element_type=\"widget\" data-widget_type=\"image.default\">\n\t\t\t\t<div class=\"elementor-widget-container\">\n\t\t\t\t\t\t\t\t\t\t\t\t\t\t\t\t<a href=\"http:\/\/www.ovp-partner.ch\/\">\n\t\t\t\t\t\t\t<img fetchpriority=\"high\" decoding=\"async\" width=\"800\" height=\"800\" src=\"https:\/\/gastrokompass.ch\/wp-content\/uploads\/2025\/05\/Insurance-min-1024x1024.webp\" class=\"attachment-large size-large wp-image-1086 not-transparent\" alt=\"Zwei M\u00e4nner in Anz\u00fcgen sitzen an einem Tisch in einem Restaurant und besprechen Dokumente. Versicherungsberatung f\u00fcr Unternehmen\" srcset=\"https:\/\/gastrokompass.ch\/wp-content\/uploads\/2025\/05\/Insurance-min-1024x1024.webp 1024w, https:\/\/gastrokompass.ch\/wp-content\/uploads\/2025\/05\/Insurance-min-300x300.webp 300w, https:\/\/gastrokompass.ch\/wp-content\/uploads\/2025\/05\/Insurance-min-150x150.webp 150w, https:\/\/gastrokompass.ch\/wp-content\/uploads\/2025\/05\/Insurance-min-768x768.webp 768w, https:\/\/gastrokompass.ch\/wp-content\/uploads\/2025\/05\/Insurance-min-1536x1536.webp 1536w, https:\/\/gastrokompass.ch\/wp-content\/uploads\/2025\/05\/Insurance-min.webp 2048w\" sizes=\"(max-width: 800px) 100vw, 800px\" data-has-transparency=\"false\" data-dominant-color=\"4f4736\" style=\"--dominant-color: #4f4736\" \/>\t\t\t\t\t\t\t\t<\/a>\n\t\t\t\t\t\t\t\t\t\t\t\t\t\t\t<\/div>\n\t\t\t\t<\/div>\n\t\t\t\t<\/div>\n\t\t<div class=\"elementor-element elementor-element-a369376 e-con-full e-flex e-con e-child\" data-id=\"a369376\" data-element_type=\"container\">\n\t\t\t\t<div class=\"elementor-element elementor-element-142fa2c elementor-widget elementor-widget-heading\" data-id=\"142fa2c\" data-element_type=\"widget\" data-widget_type=\"heading.default\">\n\t\t\t\t<div class=\"elementor-widget-container\">\n\t\t\t\t\t<h1 class=\"elementor-heading-title elementor-size-default\">Umfassende Versicherungsberatung<\/h1>\t\t\t\t<\/div>\n\t\t\t\t<\/div>\n\t\t\t\t<div class=\"elementor-element elementor-element-9bb4b46 elementor-widget elementor-widget-text-editor\" data-id=\"9bb4b46\" data-element_type=\"widget\" data-widget_type=\"text-editor.default\">\n\t\t\t\t<div class=\"elementor-widget-container\">\n\t\t\t\t\t\t\t\t\t<p data-start=\"137\" data-end=\"417\">Wir beraten Sie in allen Versicherungsfragen \u2013 kompetent, unabh\u00e4ngig und individuell.<\/p><p data-start=\"137\" data-end=\"417\">Von <strong data-start=\"227\" data-end=\"251\">Sozialversicherungen<\/strong> \u00fcber <strong data-start=\"296\" data-end=\"322\">Personenversicherungen<\/strong> bis hin zu <strong data-start=\"334\" data-end=\"361\">Verm\u00f6gensversicherungen<\/strong>\u00a0 \u2013 wir finden die optimale L\u00f6sung f\u00fcr Ihr Unternehmen.<\/p><p data-start=\"419\" data-end=\"589\">Wir begleiten Sie nicht nur bei der <strong data-start=\"471\" data-end=\"489\">Risikoberatung und bei den Verhandlungen mit den Versicherern<\/strong>, sondern stehen Ihnen auch im <strong data-start=\"520\" data-end=\"535\">Schadenfall<\/strong> zur Seite.<\/p><p data-start=\"419\" data-end=\"589\"><span style=\"color: #000000;\"><strong>Schnell, zuverl\u00e4ssig und unkompliziert.<\/strong><\/span><\/p><p data-start=\"419\" data-end=\"589\">Unsere Vorteile sind eine unabh\u00e4ngige Beratung, unser Fachwissen in der Versicherungs- und Gastronomiebranche und unsere Unterst\u00fctzung bei der Schadenerledigung.<\/p>\t\t\t\t\t\t\t\t<\/div>\n\t\t\t\t<\/div>\n\t\t\t\t<div class=\"elementor-element elementor-element-41efdb3 elementor-widget elementor-widget-heading\" data-id=\"41efdb3\" data-element_type=\"widget\" data-widget_type=\"heading.default\">\n\t\t\t\t<div class=\"elementor-widget-container\">\n\t\t\t\t\t<h2 class=\"elementor-heading-title elementor-size-default\">Unsere Leistungen:<\/h2>\t\t\t\t<\/div>\n\t\t\t\t<\/div>\n\t\t\t\t<div class=\"elementor-element elementor-element-0a0311b elementor-widget elementor-widget-text-editor\" data-id=\"0a0311b\" data-element_type=\"widget\" data-widget_type=\"text-editor.default\">\n\t\t\t\t<div class=\"elementor-widget-container\">\n\t\t\t\t\t\t\t\t\t<p><b>Schadenbegleitung:<br \/><\/b><span style=\"font-weight: 400;\">Im Schadenfall stehen wir Ihnen zur Seite, unterst\u00fctzen Sie bei der Abwicklung und sorgen f\u00fcr eine schnelle und faire Regulierung.<\/span><\/p>\t\t\t\t\t\t\t\t<\/div>\n\t\t\t\t<\/div>\n\t\t\t\t<div class=\"elementor-element elementor-element-4c144aa elementor-widget elementor-widget-text-editor\" data-id=\"4c144aa\" data-element_type=\"widget\" data-widget_type=\"text-editor.default\">\n\t\t\t\t<div class=\"elementor-widget-container\">\n\t\t\t\t\t\t\t\t\t<p><b>Bedarfsanalyse:<br \/><\/b><span style=\"font-weight: 400;\">Wir analysieren Ihre aktuelle Situation und identifizieren Ihren individuellen Versicherungsbedarf.<\/span><\/p>\t\t\t\t\t\t\t\t<\/div>\n\t\t\t\t<\/div>\n\t\t\t\t<div class=\"elementor-element elementor-element-9925e4c elementor-widget elementor-widget-text-editor\" data-id=\"9925e4c\" data-element_type=\"widget\" data-widget_type=\"text-editor.default\">\n\t\t\t\t<div class=\"elementor-widget-container\">\n\t\t\t\t\t\t\t\t\t<p><b>Marktanalyse:<br \/><\/b><span style=\"font-weight: 400;\">Wir vergleichen Angebote verschiedener Versicherungsgesellschaften, um f\u00fcr Sie die besten Konditionen zu finden.<\/span><\/p>\t\t\t\t\t\t\t\t<\/div>\n\t\t\t\t<\/div>\n\t\t\t\t<div class=\"elementor-element elementor-element-8fdd97c elementor-widget elementor-widget-text-editor\" data-id=\"8fdd97c\" data-element_type=\"widget\" data-widget_type=\"text-editor.default\">\n\t\t\t\t<div class=\"elementor-widget-container\">\n\t\t\t\t\t\t\t\t\t<p><b>Beratung:<br \/><\/b><span style=\"font-weight: 400;\">Wir beraten Sie umfassend zu allen Fragen rund um Versicherungen und helfen Ihnen, die richtigen Entscheidungen zu treffen.<\/span><\/p>\t\t\t\t\t\t\t\t<\/div>\n\t\t\t\t<\/div>\n\t\t\t\t<div class=\"elementor-element elementor-element-95d27b6 elementor-widget elementor-widget-text-editor\" data-id=\"95d27b6\" data-element_type=\"widget\" data-widget_type=\"text-editor.default\">\n\t\t\t\t<div class=\"elementor-widget-container\">\n\t\t\t\t\t\t\t\t\t<p><b>Vertragsabschluss:<br \/><\/b><span style=\"font-weight: 400;\">Wir unterst\u00fctzen Sie beim Abschluss Ihrer Versicherungsvertr\u00e4ge und sorgen daf\u00fcr, dass alles reibungslos abl\u00e4uft.<\/span><\/p>\t\t\t\t\t\t\t\t<\/div>\n\t\t\t\t<\/div>\n\t\t\t\t<div class=\"elementor-element elementor-element-4520e76 elementor-widget elementor-widget-text-editor\" data-id=\"4520e76\" data-element_type=\"widget\" data-widget_type=\"text-editor.default\">\n\t\t\t\t<div class=\"elementor-widget-container\">\n\t\t\t\t\t\t\t\t\t<p><b>Vertragsverwaltung:<br \/><\/b><span style=\"font-weight: 400;\">Wir \u00fcberpr\u00fcfen Ihre Vertr\u00e4ge regelm\u00e4ssig, um sicherzustellen, dass sie immer noch Ihren Bed\u00fcrfnissen entsprechen.<\/span><\/p>\t\t\t\t\t\t\t\t<\/div>\n\t\t\t\t<\/div>\n\t\t\t\t<\/div>\n\t\t\t\t\t<\/div>\n\t\t\t\t<\/div>\n\t\t\t\t<\/div>\n\t\t","protected":false},"excerpt":{"rendered":"<p>Umfassende Versicherungsberatung Wir beraten Sie in allen Versicherungsfragen \u2013 kompetent, unabh\u00e4ngig und individuell. Von Sozialversicherungen \u00fcber Personenversicherungen bis hin zu Verm\u00f6gensversicherungen\u00a0 \u2013 wir finden die optimale L\u00f6sung f\u00fcr Ihr Unternehmen. Wir begleiten Sie nicht nur bei der Risikoberatung und bei den Verhandlungen mit den Versicherern, sondern stehen Ihnen auch im Schadenfall zur Seite. Schnell, zuverl\u00e4ssig [&hellip;]<\/p>\n","protected":false},"author":1,"featured_media":0,"parent":0,"menu_order":0,"comment_status":"closed","ping_status":"closed","template":"","meta":{"footnotes":""},"class_list":["post-430","page","type-page","status-publish","hentry"],"yoast_head":"<!-- This site is optimized with the Yoast SEO plugin v25.0 - https:\/\/yoast.com\/wordpress\/plugins\/seo\/ -->\n<title>Kompetente Versicherungsberatung f\u00fcr Gastro | gastrokompass<\/title>\n<meta name=\"description\" content=\"Unabh\u00e4ngige Versicherungsberatung f\u00fcr Unternehmen. Von Sozial- bis Verm\u00f6gensversicherungen - massgeschneidert auf Ihre Bed\u00fcrfnisse.\" \/>\n<meta name=\"robots\" content=\"index, follow, max-snippet:-1, max-image-preview:large, max-video-preview:-1\" \/>\n<link rel=\"canonical\" href=\"https:\/\/gastrokompass.ch\/index.php\/kompetente-versicherungsberatung-fuer-unternehmen-unabhaengig-individuell\/\" \/>\n<meta property=\"og:locale\" content=\"de_DE\" \/>\n<meta property=\"og:type\" content=\"article\" \/>\n<meta property=\"og:title\" content=\"Kompetente Versicherungsberatung f\u00fcr Gastro | gastrokompass\" \/>\n<meta property=\"og:description\" content=\"Unabh\u00e4ngige Versicherungsberatung f\u00fcr Unternehmen. Von Sozial- bis Verm\u00f6gensversicherungen - massgeschneidert auf Ihre Bed\u00fcrfnisse.\" \/>\n<meta property=\"og:url\" content=\"https:\/\/gastrokompass.ch\/index.php\/kompetente-versicherungsberatung-fuer-unternehmen-unabhaengig-individuell\/\" \/>\n<meta property=\"og:site_name\" content=\"Gastrokompass\" \/>\n<meta property=\"article:publisher\" content=\"https:\/\/www.facebook.com\/profile.php?id=61573546676815\" \/>\n<meta property=\"article:modified_time\" content=\"2025-05-03T19:08:13+00:00\" \/>\n<meta property=\"og:image\" content=\"https:\/\/gastrokompass.ch\/wp-content\/uploads\/2025\/05\/Insurance-min.webp\" \/>\n\t<meta property=\"og:image:width\" content=\"2048\" \/>\n\t<meta property=\"og:image:height\" content=\"2048\" \/>\n\t<meta property=\"og:image:type\" content=\"image\/jpeg\" \/>\n<meta name=\"twitter:card\" content=\"summary_large_image\" \/>\n<meta name=\"twitter:label1\" content=\"Gesch\u00e4tzte Lesezeit\" \/>\n\t<meta name=\"twitter:data1\" content=\"2\u00a0Minuten\" \/>\n<script type=\"application\/ld+json\" class=\"yoast-schema-graph\">{\"@context\":\"https:\/\/schema.org\",\"@graph\":[{\"@type\":\"WebPage\",\"@id\":\"https:\/\/gastrokompass.ch\/index.php\/kompetente-versicherungsberatung-fuer-unternehmen-unabhaengig-individuell\/\",\"url\":\"https:\/\/gastrokompass.ch\/index.php\/kompetente-versicherungsberatung-fuer-unternehmen-unabhaengig-individuell\/\",\"name\":\"Kompetente Versicherungsberatung f\u00fcr Gastro | gastrokompass\",\"isPartOf\":{\"@id\":\"https:\/\/gastrokompass.ch\/#website\"},\"primaryImageOfPage\":{\"@id\":\"https:\/\/gastrokompass.ch\/index.php\/kompetente-versicherungsberatung-fuer-unternehmen-unabhaengig-individuell\/#primaryimage\"},\"image\":{\"@id\":\"https:\/\/gastrokompass.ch\/index.php\/kompetente-versicherungsberatung-fuer-unternehmen-unabhaengig-individuell\/#primaryimage\"},\"thumbnailUrl\":\"https:\/\/gastrokompass.ch\/wp-content\/uploads\/2025\/05\/Insurance-min-1024x1024.webp\",\"datePublished\":\"2025-02-16T21:38:16+00:00\",\"dateModified\":\"2025-05-03T19:08:13+00:00\",\"description\":\"Unabh\u00e4ngige Versicherungsberatung f\u00fcr Unternehmen. Von Sozial- bis Verm\u00f6gensversicherungen - massgeschneidert auf Ihre Bed\u00fcrfnisse.\",\"breadcrumb\":{\"@id\":\"https:\/\/gastrokompass.ch\/index.php\/kompetente-versicherungsberatung-fuer-unternehmen-unabhaengig-individuell\/#breadcrumb\"},\"inLanguage\":\"de\",\"potentialAction\":[{\"@type\":\"ReadAction\",\"target\":[\"https:\/\/gastrokompass.ch\/index.php\/kompetente-versicherungsberatung-fuer-unternehmen-unabhaengig-individuell\/\"]}]},{\"@type\":\"ImageObject\",\"inLanguage\":\"de\",\"@id\":\"https:\/\/gastrokompass.ch\/index.php\/kompetente-versicherungsberatung-fuer-unternehmen-unabhaengig-individuell\/#primaryimage\",\"url\":\"https:\/\/gastrokompass.ch\/wp-content\/uploads\/2025\/05\/Insurance-min.webp\",\"contentUrl\":\"https:\/\/gastrokompass.ch\/wp-content\/uploads\/2025\/05\/Insurance-min.webp\",\"width\":2048,\"height\":2048,\"caption\":\"Zwei Gesch\u00e4ftsleute bei einem Meeting in einem Restaurant\"},{\"@type\":\"BreadcrumbList\",\"@id\":\"https:\/\/gastrokompass.ch\/index.php\/kompetente-versicherungsberatung-fuer-unternehmen-unabhaengig-individuell\/#breadcrumb\",\"itemListElement\":[{\"@type\":\"ListItem\",\"position\":1,\"name\":\"Startseite\",\"item\":\"https:\/\/gastrokompass.ch\/\"},{\"@type\":\"ListItem\",\"position\":2,\"name\":\"Versicherungsbroker\"}]},{\"@type\":\"WebSite\",\"@id\":\"https:\/\/gastrokompass.ch\/#website\",\"url\":\"https:\/\/gastrokompass.ch\/\",\"name\":\"gastrokompass\",\"description\":\"Dein Partner auf dem Weg zur erfolgreichen Gastronomie\",\"publisher\":{\"@id\":\"https:\/\/gastrokompass.ch\/#organization\"},\"potentialAction\":[{\"@type\":\"SearchAction\",\"target\":{\"@type\":\"EntryPoint\",\"urlTemplate\":\"https:\/\/gastrokompass.ch\/?s={search_term_string}\"},\"query-input\":{\"@type\":\"PropertyValueSpecification\",\"valueRequired\":true,\"valueName\":\"search_term_string\"}}],\"inLanguage\":\"de\"},{\"@type\":\"Organization\",\"@id\":\"https:\/\/gastrokompass.ch\/#organization\",\"name\":\"gastrokompass\",\"url\":\"https:\/\/gastrokompass.ch\/\",\"logo\":{\"@type\":\"ImageObject\",\"inLanguage\":\"de\",\"@id\":\"https:\/\/gastrokompass.ch\/#\/schema\/logo\/image\/\",\"url\":\"https:\/\/gastrokompass.ch\/wp-content\/uploads\/2025\/02\/Logo-white_homepage.webp\",\"contentUrl\":\"https:\/\/gastrokompass.ch\/wp-content\/uploads\/2025\/02\/Logo-white_homepage.webp\",\"width\":300,\"height\":100,\"caption\":\"gastrokompass\"},\"image\":{\"@id\":\"https:\/\/gastrokompass.ch\/#\/schema\/logo\/image\/\"},\"sameAs\":[\"https:\/\/www.facebook.com\/profile.php?id=61573546676815\"]}]}<\/script>\n<!-- \/ Yoast SEO plugin. -->","yoast_head_json":{"title":"Kompetente Versicherungsberatung f\u00fcr Gastro | gastrokompass","description":"Unabh\u00e4ngige Versicherungsberatung f\u00fcr Unternehmen. Von Sozial- bis Verm\u00f6gensversicherungen - massgeschneidert auf Ihre Bed\u00fcrfnisse.","robots":{"index":"index","follow":"follow","max-snippet":"max-snippet:-1","max-image-preview":"max-image-preview:large","max-video-preview":"max-video-preview:-1"},"canonical":"https:\/\/gastrokompass.ch\/index.php\/kompetente-versicherungsberatung-fuer-unternehmen-unabhaengig-individuell\/","og_locale":"de_DE","og_type":"article","og_title":"Kompetente Versicherungsberatung f\u00fcr Gastro | gastrokompass","og_description":"Unabh\u00e4ngige Versicherungsberatung f\u00fcr Unternehmen. Von Sozial- bis Verm\u00f6gensversicherungen - massgeschneidert auf Ihre Bed\u00fcrfnisse.","og_url":"https:\/\/gastrokompass.ch\/index.php\/kompetente-versicherungsberatung-fuer-unternehmen-unabhaengig-individuell\/","og_site_name":"Gastrokompass","article_publisher":"https:\/\/www.facebook.com\/profile.php?id=61573546676815","article_modified_time":"2025-05-03T19:08:13+00:00","og_image":[{"width":2048,"height":2048,"url":"https:\/\/gastrokompass.ch\/wp-content\/uploads\/2025\/05\/Insurance-min.webp","type":"image\/jpeg"}],"twitter_card":"summary_large_image","twitter_misc":{"Gesch\u00e4tzte Lesezeit":"2\u00a0Minuten"},"schema":{"@context":"https:\/\/schema.org","@graph":[{"@type":"WebPage","@id":"https:\/\/gastrokompass.ch\/index.php\/kompetente-versicherungsberatung-fuer-unternehmen-unabhaengig-individuell\/","url":"https:\/\/gastrokompass.ch\/index.php\/kompetente-versicherungsberatung-fuer-unternehmen-unabhaengig-individuell\/","name":"Kompetente Versicherungsberatung f\u00fcr Gastro | gastrokompass","isPartOf":{"@id":"https:\/\/gastrokompass.ch\/#website"},"primaryImageOfPage":{"@id":"https:\/\/gastrokompass.ch\/index.php\/kompetente-versicherungsberatung-fuer-unternehmen-unabhaengig-individuell\/#primaryimage"},"image":{"@id":"https:\/\/gastrokompass.ch\/index.php\/kompetente-versicherungsberatung-fuer-unternehmen-unabhaengig-individuell\/#primaryimage"},"thumbnailUrl":"https:\/\/gastrokompass.ch\/wp-content\/uploads\/2025\/05\/Insurance-min-1024x1024.webp","datePublished":"2025-02-16T21:38:16+00:00","dateModified":"2025-05-03T19:08:13+00:00","description":"Unabh\u00e4ngige Versicherungsberatung f\u00fcr Unternehmen. Von Sozial- bis Verm\u00f6gensversicherungen - massgeschneidert auf Ihre Bed\u00fcrfnisse.","breadcrumb":{"@id":"https:\/\/gastrokompass.ch\/index.php\/kompetente-versicherungsberatung-fuer-unternehmen-unabhaengig-individuell\/#breadcrumb"},"inLanguage":"de","potentialAction":[{"@type":"ReadAction","target":["https:\/\/gastrokompass.ch\/index.php\/kompetente-versicherungsberatung-fuer-unternehmen-unabhaengig-individuell\/"]}]},{"@type":"ImageObject","inLanguage":"de","@id":"https:\/\/gastrokompass.ch\/index.php\/kompetente-versicherungsberatung-fuer-unternehmen-unabhaengig-individuell\/#primaryimage","url":"https:\/\/gastrokompass.ch\/wp-content\/uploads\/2025\/05\/Insurance-min.webp","contentUrl":"https:\/\/gastrokompass.ch\/wp-content\/uploads\/2025\/05\/Insurance-min.webp","width":2048,"height":2048,"caption":"Zwei Gesch\u00e4ftsleute bei einem Meeting in einem Restaurant"},{"@type":"BreadcrumbList","@id":"https:\/\/gastrokompass.ch\/index.php\/kompetente-versicherungsberatung-fuer-unternehmen-unabhaengig-individuell\/#breadcrumb","itemListElement":[{"@type":"ListItem","position":1,"name":"Startseite","item":"https:\/\/gastrokompass.ch\/"},{"@type":"ListItem","position":2,"name":"Versicherungsbroker"}]},{"@type":"WebSite","@id":"https:\/\/gastrokompass.ch\/#website","url":"https:\/\/gastrokompass.ch\/","name":"gastrokompass","description":"Dein Partner auf dem Weg zur erfolgreichen Gastronomie","publisher":{"@id":"https:\/\/gastrokompass.ch\/#organization"},"potentialAction":[{"@type":"SearchAction","target":{"@type":"EntryPoint","urlTemplate":"https:\/\/gastrokompass.ch\/?s={search_term_string}"},"query-input":{"@type":"PropertyValueSpecification","valueRequired":true,"valueName":"search_term_string"}}],"inLanguage":"de"},{"@type":"Organization","@id":"https:\/\/gastrokompass.ch\/#organization","name":"gastrokompass","url":"https:\/\/gastrokompass.ch\/","logo":{"@type":"ImageObject","inLanguage":"de","@id":"https:\/\/gastrokompass.ch\/#\/schema\/logo\/image\/","url":"https:\/\/gastrokompass.ch\/wp-content\/uploads\/2025\/02\/Logo-white_homepage.webp","contentUrl":"https:\/\/gastrokompass.ch\/wp-content\/uploads\/2025\/02\/Logo-white_homepage.webp","width":300,"height":100,"caption":"gastrokompass"},"image":{"@id":"https:\/\/gastrokompass.ch\/#\/schema\/logo\/image\/"},"sameAs":["https:\/\/www.facebook.com\/profile.php?id=61573546676815"]}]}},"_links":{"self":[{"href":"https:\/\/gastrokompass.ch\/index.php\/wp-json\/wp\/v2\/pages\/430","targetHints":{"allow":["GET"]}}],"collection":[{"href":"https:\/\/gastrokompass.ch\/index.php\/wp-json\/wp\/v2\/pages"}],"about":[{"href":"https:\/\/gastrokompass.ch\/index.php\/wp-json\/wp\/v2\/types\/page"}],"author":[{"embeddable":true,"href":"https:\/\/gastrokompass.ch\/index.php\/wp-json\/wp\/v2\/users\/1"}],"replies":[{"embeddable":true,"href":"https:\/\/gastrokompass.ch\/index.php\/wp-json\/wp\/v2\/comments?post=430"}],"version-history":[{"count":103,"href":"https:\/\/gastrokompass.ch\/index.php\/wp-json\/wp\/v2\/pages\/430\/revisions"}],"predecessor-version":[{"id":1385,"href":"https:\/\/gastrokompass.ch\/index.php\/wp-json\/wp\/v2\/pages\/430\/revisions\/1385"}],"wp:attachment":[{"href":"https:\/\/gastrokompass.ch\/index.php\/wp-json\/wp\/v2\/media?parent=430"}],"curies":[{"name":"wp","href":"https:\/\/api.w.org\/{rel}","templated":true}]}}