{"id":181,"date":"2025-02-05T16:53:01","date_gmt":"2025-02-05T16:53:01","guid":{"rendered":"https:\/\/gastrokompass.ch\/index.php\/contact-us-3\/"},"modified":"2025-05-05T19:44:14","modified_gmt":"2025-05-05T19:44:14","slug":"kontakt-gastrokompass-ihre-experten-fuer-gastronomieberatung","status":"publish","type":"page","link":"https:\/\/gastrokompass.ch\/index.php\/kontakt-gastrokompass-ihre-experten-fuer-gastronomieberatung\/","title":{"rendered":"Contact Us"},"content":{"rendered":"\t\t<div data-elementor-type=\"wp-page\" data-elementor-id=\"181\" class=\"elementor elementor-181\" data-elementor-post-type=\"page\">\n\t\t\t\t<div class=\"elementor-element elementor-element-bceaa85 e-flex e-con-boxed e-con e-parent\" data-id=\"bceaa85\" data-element_type=\"container\">\n\t\t\t\t\t<div class=\"e-con-inner\">\n\t\t<div class=\"elementor-element elementor-element-892386b e-flex e-con-boxed e-con e-child\" data-id=\"892386b\" data-element_type=\"container\">\n\t\t\t\t\t<div class=\"e-con-inner\">\n\t\t\t\t<div class=\"elementor-element elementor-element-8010d1e elementor-widget elementor-widget-heading\" data-id=\"8010d1e\" data-element_type=\"widget\" data-widget_type=\"heading.default\">\n\t\t\t\t<div class=\"elementor-widget-container\">\n\t\t\t\t\t<h2 class=\"elementor-heading-title elementor-size-default\">Kontaktieren Sie uns, Wir begleiten Sie!<\/h2>\t\t\t\t<\/div>\n\t\t\t\t<\/div>\n\t\t\t\t\t<\/div>\n\t\t\t\t<\/div>\n\t\t\t\t\t<\/div>\n\t\t\t\t<\/div>\n\t\t<div class=\"elementor-element elementor-element-30d2a652 e-con-full e-flex e-con e-parent\" data-id=\"30d2a652\" data-element_type=\"container\">\n\t\t<div class=\"elementor-element elementor-element-4a2eeaf7 e-con-full e-flex e-con e-child\" data-id=\"4a2eeaf7\" data-element_type=\"container\">\n\t\t\t\t<div class=\"elementor-element elementor-element-3d08f29d elementor-widget elementor-widget-text-editor\" data-id=\"3d08f29d\" data-element_type=\"widget\" data-widget_type=\"text-editor.default\">\n\t\t\t\t<div class=\"elementor-widget-container\">\n\t\t\t\t\t\t\t\t\t<p>Haben Sie Fragen oder w\u00fcnschen Sie eine pers\u00f6nliche Beratung? Wir stehen Ihnen jederzeit zur Verf\u00fcgung und freuen uns, Sie auf dem Weg zur erfolgreichen Gastronomie zu begleiten.<\/p>\t\t\t\t\t\t\t\t<\/div>\n\t\t\t\t<\/div>\n\t\t\t\t<div class=\"elementor-element elementor-element-66cda77 elementor-widget elementor-widget-text-editor\" data-id=\"66cda77\" data-element_type=\"widget\" data-widget_type=\"text-editor.default\">\n\t\t\t\t<div class=\"elementor-widget-container\">\n\t\t\t\t\t\t\t\t\t<p>E-Mail: <a href=\"mailto:team@gastrokompass.ch\">team@gastrokompass.ch<\/a><\/p><p>Telefon: <a href=\"tel:+41412610909\">+41 41 261 09 09<\/a><\/p>\t\t\t\t\t\t\t\t<\/div>\n\t\t\t\t<\/div>\n\t\t\t\t<\/div>\n\t\t<div class=\"elementor-element elementor-element-489c7acf e-con-full e-flex e-con e-child\" data-id=\"489c7acf\" data-element_type=\"container\">\n\t\t\t\t<div class=\"elementor-element elementor-element-3d7e75a elementor-button-align-center elementor-widget elementor-widget-form\" data-id=\"3d7e75a\" data-element_type=\"widget\" data-settings=\"{&quot;step_next_label&quot;:&quot;N\\u00e4chster&quot;,&quot;step_previous_label&quot;:&quot;Voriger&quot;,&quot;button_width&quot;:&quot;100&quot;,&quot;step_type&quot;:&quot;number_text&quot;,&quot;step_icon_shape&quot;:&quot;circle&quot;}\" data-widget_type=\"form.default\">\n\t\t\t\t<div class=\"elementor-widget-container\">\n\t\t\t\t\t\t\t<form class=\"elementor-form\" method=\"post\" id=\"contact\" name=\"Neues Formular\">\n\t\t\t<input type=\"hidden\" name=\"post_id\" value=\"181\"\/>\n\t\t\t<input type=\"hidden\" name=\"form_id\" value=\"3d7e75a\"\/>\n\t\t\t<input type=\"hidden\" name=\"referer_title\" value=\"Kontakt \u2013 Gastrokompass: Ihre Experten f\u00fcr Gastronomieberatung\" \/>\n\n\t\t\t\t\t\t\t<input type=\"hidden\" name=\"queried_id\" value=\"181\"\/>\n\t\t\t\n\t\t\t<div class=\"elementor-form-fields-wrapper elementor-labels-above\">\n\t\t\t\t\t\t\t\t<div class=\"elementor-field-type-text elementor-field-group elementor-column elementor-field-group-field_c144f94 elementor-col-50 elementor-field-required elementor-mark-required\">\n\t\t\t\t\t\t\t\t\t\t\t\t<label for=\"form-field-field_c144f94\" class=\"elementor-field-label\">\n\t\t\t\t\t\t\t\tVorname\t\t\t\t\t\t\t<\/label>\n\t\t\t\t\t\t\t\t\t\t\t\t\t\t<input size=\"1\" type=\"text\" name=\"form_fields[field_c144f94]\" id=\"form-field-field_c144f94\" class=\"elementor-field elementor-size-md  elementor-field-textual\" placeholder=\"Vorname\" required=\"required\">\n\t\t\t\t\t\t\t\t\t\t\t<\/div>\n\t\t\t\t\t\t\t\t<div class=\"elementor-field-type-text elementor-field-group elementor-column elementor-field-group-name elementor-col-50 elementor-field-required elementor-mark-required\">\n\t\t\t\t\t\t\t\t\t\t\t\t<label for=\"form-field-name\" class=\"elementor-field-label\">\n\t\t\t\t\t\t\t\tName\t\t\t\t\t\t\t<\/label>\n\t\t\t\t\t\t\t\t\t\t\t\t\t\t<input size=\"1\" type=\"text\" name=\"form_fields[name]\" id=\"form-field-name\" class=\"elementor-field elementor-size-md  elementor-field-textual\" placeholder=\"Name\" required=\"required\">\n\t\t\t\t\t\t\t\t\t\t\t<\/div>\n\t\t\t\t\t\t\t\t<div class=\"elementor-field-type-text elementor-field-group elementor-column elementor-field-group-field_33b6f1b elementor-col-100\">\n\t\t\t\t\t\t\t\t\t\t\t\t<label for=\"form-field-field_33b6f1b\" class=\"elementor-field-label\">\n\t\t\t\t\t\t\t\tFirma\t\t\t\t\t\t\t<\/label>\n\t\t\t\t\t\t\t\t\t\t\t\t\t\t<input size=\"1\" type=\"text\" name=\"form_fields[field_33b6f1b]\" id=\"form-field-field_33b6f1b\" class=\"elementor-field elementor-size-md  elementor-field-textual\" placeholder=\"Firma\">\n\t\t\t\t\t\t\t\t\t\t\t<\/div>\n\t\t\t\t\t\t\t\t<div class=\"elementor-field-type-tel elementor-field-group elementor-column elementor-field-group-field_7b1a80c elementor-col-50 elementor-field-required elementor-mark-required\">\n\t\t\t\t\t\t\t\t\t\t\t\t<label for=\"form-field-field_7b1a80c\" class=\"elementor-field-label\">\n\t\t\t\t\t\t\t\tTelefon\t\t\t\t\t\t\t<\/label>\n\t\t\t\t\t\t\t\t<input size=\"1\" type=\"tel\" name=\"form_fields[field_7b1a80c]\" id=\"form-field-field_7b1a80c\" class=\"elementor-field elementor-size-md  elementor-field-textual\" placeholder=\"Telefon\" required=\"required\" pattern=\"[0-9()#&amp;+*-=.]+\" title=\"Nur Nummern oder Telefon-Zeichen (#, -, *, etc) werden akzeptiert.\">\n\n\t\t\t\t\t\t<\/div>\n\t\t\t\t\t\t\t\t<div class=\"elementor-field-type-email elementor-field-group elementor-column elementor-field-group-email elementor-col-50 elementor-field-required elementor-mark-required\">\n\t\t\t\t\t\t\t\t\t\t\t\t<label for=\"form-field-email\" class=\"elementor-field-label\">\n\t\t\t\t\t\t\t\tE-Mail\t\t\t\t\t\t\t<\/label>\n\t\t\t\t\t\t\t\t\t\t\t\t\t\t<input size=\"1\" type=\"email\" name=\"form_fields[email]\" id=\"form-field-email\" class=\"elementor-field elementor-size-md  elementor-field-textual\" placeholder=\"E-Mail\" required=\"required\">\n\t\t\t\t\t\t\t\t\t\t\t<\/div>\n\t\t\t\t\t\t\t\t<div class=\"elementor-field-type-textarea elementor-field-group elementor-column elementor-field-group-message elementor-col-100 elementor-field-required elementor-mark-required\">\n\t\t\t\t\t\t\t\t\t\t\t\t<label for=\"form-field-message\" class=\"elementor-field-label\">\n\t\t\t\t\t\t\t\tNachricht\t\t\t\t\t\t\t<\/label>\n\t\t\t\t\t\t<textarea class=\"elementor-field-textual elementor-field  elementor-size-md\" name=\"form_fields[message]\" id=\"form-field-message\" rows=\"4\" placeholder=\"Nachricht\" required=\"required\"><\/textarea>\t\t\t\t<\/div>\n\t\t\t\t\t\t\t\t<div class=\"elementor-field-group elementor-column elementor-field-type-submit elementor-col-100 e-form__buttons\">\n\t\t\t\t\t<button class=\"elementor-button elementor-size-sm\" type=\"submit\">\n\t\t\t\t\t\t<span class=\"elementor-button-content-wrapper\">\n\t\t\t\t\t\t\t\t\t\t\t\t\t\t\t\t\t\t\t\t\t\t<span class=\"elementor-button-text\">Senden<\/span>\n\t\t\t\t\t\t\t\t\t\t\t\t\t<\/span>\n\t\t\t\t\t<\/button>\n\t\t\t\t<\/div>\n\t\t\t<\/div>\n\t\t<\/form>\n\t\t\t\t\t\t<\/div>\n\t\t\t\t<\/div>\n\t\t\t\t<\/div>\n\t\t\t\t<\/div>\n\t\t<div class=\"elementor-element elementor-element-25f3941 e-flex e-con-boxed e-con e-parent\" data-id=\"25f3941\" data-element_type=\"container\">\n\t\t\t\t\t<div class=\"e-con-inner\">\n\t\t\t\t<div class=\"elementor-element elementor-element-c2ab474 elementor-widget elementor-widget-google_maps\" data-id=\"c2ab474\" data-element_type=\"widget\" data-widget_type=\"google_maps.default\">\n\t\t\t\t<div class=\"elementor-widget-container\">\n\t\t\t\t\t\t\t<div class=\"elementor-custom-embed\">\n\t\t\t<iframe loading=\"lazy\"\n\t\t\t\t\tsrc=\"https:\/\/maps.google.com\/maps?q=R%C3%BCeggisingerstrasse%205%2C%20Emmenbr%C3%BCcke&#038;t=m&#038;z=12&#038;output=embed&#038;iwloc=near\"\n\t\t\t\t\ttitle=\"R\u00fceggisingerstrasse 5, Emmenbr\u00fccke\"\n\t\t\t\t\taria-label=\"R\u00fceggisingerstrasse 5, Emmenbr\u00fccke\"\n\t\t\t><\/iframe>\n\t\t<\/div>\n\t\t\t\t\t\t<\/div>\n\t\t\t\t<\/div>\n\t\t\t\t\t<\/div>\n\t\t\t\t<\/div>\n\t\t\t\t<\/div>\n\t\t","protected":false},"excerpt":{"rendered":"<p>Kontaktieren Sie uns, Wir begleiten Sie! Haben Sie Fragen oder w\u00fcnschen Sie eine pers\u00f6nliche Beratung? Wir stehen Ihnen jederzeit zur Verf\u00fcgung und freuen uns, Sie auf dem Weg zur erfolgreichen Gastronomie zu begleiten. E-Mail: team@gastrokompass.ch Telefon: +41 41 261 09 09<\/p>\n","protected":false},"author":1,"featured_media":0,"parent":0,"menu_order":0,"comment_status":"closed","ping_status":"closed","template":"elementor_header_footer","meta":{"footnotes":""},"class_list":["post-181","page","type-page","status-publish","hentry"],"yoast_head":"<!-- This site is optimized with the Yoast SEO plugin v25.0 - https:\/\/yoast.com\/wordpress\/plugins\/seo\/ -->\n<title>Kontakt \u2013 Gastrokompass: Ihre Experten f\u00fcr Gastronomieberatung<\/title>\n<meta name=\"description\" content=\"Nehmen Sie Kontakt mit Gastrokompass auf \u2013 Ihr Partner f\u00fcr Beratungen, Finanzen, Versicherungen und Marketing f\u00fcr die Gastronomiebranche.\" \/>\n<meta name=\"robots\" content=\"index, follow, max-snippet:-1, max-image-preview:large, max-video-preview:-1\" \/>\n<link rel=\"canonical\" href=\"https:\/\/gastrokompass.ch\/index.php\/kontakt-gastrokompass-ihre-experten-fuer-gastronomieberatung\/\" \/>\n<meta property=\"og:locale\" content=\"de_DE\" \/>\n<meta property=\"og:type\" content=\"article\" \/>\n<meta property=\"og:title\" content=\"Kontakt \u2013 Gastrokompass: Ihre Experten f\u00fcr Gastronomieberatung\" \/>\n<meta property=\"og:description\" content=\"Nehmen Sie Kontakt mit Gastrokompass auf \u2013 Ihr Partner f\u00fcr Beratungen, Finanzen, Versicherungen und Marketing f\u00fcr die Gastronomiebranche.\" \/>\n<meta property=\"og:url\" content=\"https:\/\/gastrokompass.ch\/index.php\/kontakt-gastrokompass-ihre-experten-fuer-gastronomieberatung\/\" \/>\n<meta property=\"og:site_name\" content=\"Gastrokompass\" \/>\n<meta property=\"article:publisher\" content=\"https:\/\/www.facebook.com\/profile.php?id=61573546676815\" \/>\n<meta property=\"article:modified_time\" content=\"2025-05-05T19:44:14+00:00\" \/>\n<meta name=\"twitter:card\" content=\"summary_large_image\" \/>\n<meta name=\"twitter:label1\" content=\"Gesch\u00e4tzte Lesezeit\" \/>\n\t<meta name=\"twitter:data1\" content=\"1\u00a0Minute\" \/>\n<script type=\"application\/ld+json\" class=\"yoast-schema-graph\">{\"@context\":\"https:\/\/schema.org\",\"@graph\":[{\"@type\":\"WebPage\",\"@id\":\"https:\/\/gastrokompass.ch\/index.php\/kontakt-gastrokompass-ihre-experten-fuer-gastronomieberatung\/\",\"url\":\"https:\/\/gastrokompass.ch\/index.php\/kontakt-gastrokompass-ihre-experten-fuer-gastronomieberatung\/\",\"name\":\"Kontakt \u2013 Gastrokompass: Ihre Experten f\u00fcr Gastronomieberatung\",\"isPartOf\":{\"@id\":\"https:\/\/gastrokompass.ch\/#website\"},\"datePublished\":\"2025-02-05T16:53:01+00:00\",\"dateModified\":\"2025-05-05T19:44:14+00:00\",\"description\":\"Nehmen Sie Kontakt mit Gastrokompass auf \u2013 Ihr Partner f\u00fcr Beratungen, Finanzen, Versicherungen und Marketing f\u00fcr die Gastronomiebranche.\",\"breadcrumb\":{\"@id\":\"https:\/\/gastrokompass.ch\/index.php\/kontakt-gastrokompass-ihre-experten-fuer-gastronomieberatung\/#breadcrumb\"},\"inLanguage\":\"de\",\"potentialAction\":[{\"@type\":\"ReadAction\",\"target\":[\"https:\/\/gastrokompass.ch\/index.php\/kontakt-gastrokompass-ihre-experten-fuer-gastronomieberatung\/\"]}]},{\"@type\":\"BreadcrumbList\",\"@id\":\"https:\/\/gastrokompass.ch\/index.php\/kontakt-gastrokompass-ihre-experten-fuer-gastronomieberatung\/#breadcrumb\",\"itemListElement\":[{\"@type\":\"ListItem\",\"position\":1,\"name\":\"Startseite\",\"item\":\"https:\/\/gastrokompass.ch\/\"},{\"@type\":\"ListItem\",\"position\":2,\"name\":\"Contact Us\"}]},{\"@type\":\"WebSite\",\"@id\":\"https:\/\/gastrokompass.ch\/#website\",\"url\":\"https:\/\/gastrokompass.ch\/\",\"name\":\"gastrokompass\",\"description\":\"Dein Partner auf dem Weg zur erfolgreichen Gastronomie\",\"publisher\":{\"@id\":\"https:\/\/gastrokompass.ch\/#organization\"},\"potentialAction\":[{\"@type\":\"SearchAction\",\"target\":{\"@type\":\"EntryPoint\",\"urlTemplate\":\"https:\/\/gastrokompass.ch\/?s={search_term_string}\"},\"query-input\":{\"@type\":\"PropertyValueSpecification\",\"valueRequired\":true,\"valueName\":\"search_term_string\"}}],\"inLanguage\":\"de\"},{\"@type\":\"Organization\",\"@id\":\"https:\/\/gastrokompass.ch\/#organization\",\"name\":\"gastrokompass\",\"url\":\"https:\/\/gastrokompass.ch\/\",\"logo\":{\"@type\":\"ImageObject\",\"inLanguage\":\"de\",\"@id\":\"https:\/\/gastrokompass.ch\/#\/schema\/logo\/image\/\",\"url\":\"https:\/\/gastrokompass.ch\/wp-content\/uploads\/2025\/02\/Logo-white_homepage.webp\",\"contentUrl\":\"https:\/\/gastrokompass.ch\/wp-content\/uploads\/2025\/02\/Logo-white_homepage.webp\",\"width\":300,\"height\":100,\"caption\":\"gastrokompass\"},\"image\":{\"@id\":\"https:\/\/gastrokompass.ch\/#\/schema\/logo\/image\/\"},\"sameAs\":[\"https:\/\/www.facebook.com\/profile.php?id=61573546676815\"]}]}<\/script>\n<!-- \/ Yoast SEO plugin. -->","yoast_head_json":{"title":"Kontakt \u2013 Gastrokompass: Ihre Experten f\u00fcr Gastronomieberatung","description":"Nehmen Sie Kontakt mit Gastrokompass auf \u2013 Ihr Partner f\u00fcr Beratungen, Finanzen, Versicherungen und Marketing f\u00fcr die Gastronomiebranche.","robots":{"index":"index","follow":"follow","max-snippet":"max-snippet:-1","max-image-preview":"max-image-preview:large","max-video-preview":"max-video-preview:-1"},"canonical":"https:\/\/gastrokompass.ch\/index.php\/kontakt-gastrokompass-ihre-experten-fuer-gastronomieberatung\/","og_locale":"de_DE","og_type":"article","og_title":"Kontakt \u2013 Gastrokompass: Ihre Experten f\u00fcr Gastronomieberatung","og_description":"Nehmen Sie Kontakt mit Gastrokompass auf \u2013 Ihr Partner f\u00fcr Beratungen, Finanzen, Versicherungen und Marketing f\u00fcr die Gastronomiebranche.","og_url":"https:\/\/gastrokompass.ch\/index.php\/kontakt-gastrokompass-ihre-experten-fuer-gastronomieberatung\/","og_site_name":"Gastrokompass","article_publisher":"https:\/\/www.facebook.com\/profile.php?id=61573546676815","article_modified_time":"2025-05-05T19:44:14+00:00","twitter_card":"summary_large_image","twitter_misc":{"Gesch\u00e4tzte Lesezeit":"1\u00a0Minute"},"schema":{"@context":"https:\/\/schema.org","@graph":[{"@type":"WebPage","@id":"https:\/\/gastrokompass.ch\/index.php\/kontakt-gastrokompass-ihre-experten-fuer-gastronomieberatung\/","url":"https:\/\/gastrokompass.ch\/index.php\/kontakt-gastrokompass-ihre-experten-fuer-gastronomieberatung\/","name":"Kontakt \u2013 Gastrokompass: Ihre Experten f\u00fcr Gastronomieberatung","isPartOf":{"@id":"https:\/\/gastrokompass.ch\/#website"},"datePublished":"2025-02-05T16:53:01+00:00","dateModified":"2025-05-05T19:44:14+00:00","description":"Nehmen Sie Kontakt mit Gastrokompass auf \u2013 Ihr Partner f\u00fcr Beratungen, Finanzen, Versicherungen und Marketing f\u00fcr die Gastronomiebranche.","breadcrumb":{"@id":"https:\/\/gastrokompass.ch\/index.php\/kontakt-gastrokompass-ihre-experten-fuer-gastronomieberatung\/#breadcrumb"},"inLanguage":"de","potentialAction":[{"@type":"ReadAction","target":["https:\/\/gastrokompass.ch\/index.php\/kontakt-gastrokompass-ihre-experten-fuer-gastronomieberatung\/"]}]},{"@type":"BreadcrumbList","@id":"https:\/\/gastrokompass.ch\/index.php\/kontakt-gastrokompass-ihre-experten-fuer-gastronomieberatung\/#breadcrumb","itemListElement":[{"@type":"ListItem","position":1,"name":"Startseite","item":"https:\/\/gastrokompass.ch\/"},{"@type":"ListItem","position":2,"name":"Contact Us"}]},{"@type":"WebSite","@id":"https:\/\/gastrokompass.ch\/#website","url":"https:\/\/gastrokompass.ch\/","name":"gastrokompass","description":"Dein Partner auf dem Weg zur erfolgreichen Gastronomie","publisher":{"@id":"https:\/\/gastrokompass.ch\/#organization"},"potentialAction":[{"@type":"SearchAction","target":{"@type":"EntryPoint","urlTemplate":"https:\/\/gastrokompass.ch\/?s={search_term_string}"},"query-input":{"@type":"PropertyValueSpecification","valueRequired":true,"valueName":"search_term_string"}}],"inLanguage":"de"},{"@type":"Organization","@id":"https:\/\/gastrokompass.ch\/#organization","name":"gastrokompass","url":"https:\/\/gastrokompass.ch\/","logo":{"@type":"ImageObject","inLanguage":"de","@id":"https:\/\/gastrokompass.ch\/#\/schema\/logo\/image\/","url":"https:\/\/gastrokompass.ch\/wp-content\/uploads\/2025\/02\/Logo-white_homepage.webp","contentUrl":"https:\/\/gastrokompass.ch\/wp-content\/uploads\/2025\/02\/Logo-white_homepage.webp","width":300,"height":100,"caption":"gastrokompass"},"image":{"@id":"https:\/\/gastrokompass.ch\/#\/schema\/logo\/image\/"},"sameAs":["https:\/\/www.facebook.com\/profile.php?id=61573546676815"]}]}},"_links":{"self":[{"href":"https:\/\/gastrokompass.ch\/index.php\/wp-json\/wp\/v2\/pages\/181","targetHints":{"allow":["GET"]}}],"collection":[{"href":"https:\/\/gastrokompass.ch\/index.php\/wp-json\/wp\/v2\/pages"}],"about":[{"href":"https:\/\/gastrokompass.ch\/index.php\/wp-json\/wp\/v2\/types\/page"}],"author":[{"embeddable":true,"href":"https:\/\/gastrokompass.ch\/index.php\/wp-json\/wp\/v2\/users\/1"}],"replies":[{"embeddable":true,"href":"https:\/\/gastrokompass.ch\/index.php\/wp-json\/wp\/v2\/comments?post=181"}],"version-history":[{"count":58,"href":"https:\/\/gastrokompass.ch\/index.php\/wp-json\/wp\/v2\/pages\/181\/revisions"}],"predecessor-version":[{"id":1439,"href":"https:\/\/gastrokompass.ch\/index.php\/wp-json\/wp\/v2\/pages\/181\/revisions\/1439"}],"wp:attachment":[{"href":"https:\/\/gastrokompass.ch\/index.php\/wp-json\/wp\/v2\/media?parent=181"}],"curies":[{"name":"wp","href":"https:\/\/api.w.org\/{rel}","templated":true}]}}